{"id":804,"date":"2016-05-27T09:40:18","date_gmt":"2016-05-27T12:40:18","guid":{"rendered":"http:\/\/www.falerblocos.com.br\/v1\/?post_type=product&#038;p=804"},"modified":"2016-05-27T09:48:50","modified_gmt":"2016-05-27T12:48:50","slug":"concregrama-tipo-s","status":"publish","type":"product","link":"http:\/\/www.falerblocos.com.br\/v1\/produto\/concregrama-tipo-s\/","title":{"rendered":"Concregrama tipo S"},"content":{"rendered":"<h2 style=\"text-align: center;\">O que s\u00e3o pisogramas ou concregramas?<\/h2>\n<p style=\"text-align: center;\">S\u00e3o pe\u00e7as feitas com concreto, utilizadas para a pavimenta\u00e7\u00e3o de \u00e1reas externas. As pe\u00e7as apresentam orif\u00edcios para o desenvolvimento da grama, proporcionando, al\u00e9m do efeito paisag\u00edstico, um efeito perme\u00e1vel e drenante do solo. Sua caracter\u00edstica construtiva protege a grama contra o esmagamento de ve\u00edculos e pedestres, sendo excelente alternativa para jardins, estacionamentos, corredores, etc. Sua permeabilidade ajuda na preven\u00e7\u00e3o das enchentes, tornando-se um piso ecologicamente correto.<\/p>\n<p style=\"text-align: center;\">\u00c9 uma \u00f3tima op\u00e7\u00e3o para criar espa\u00e7os verdes para diversos tipos de usu\u00e1rios.<\/p>\n<p style=\"text-align: center;\">\n<p style=\"text-align: center;\">\n<p style=\"text-align: center;\"><img loading=\"lazy\" decoding=\"async\" class=\"size-medium wp-image-811 alignleft\" src=\"http:\/\/www.falerblocos.com.br\/v1\/wp-content\/uploads\/2016\/05\/forma-pisograma-em-s-6cm-em-pvc-796001-MLB20255796122_032015-O-300x225.jpg\" alt=\"forma-pisograma-em-s-6cm-em-pvc-796001-MLB20255796122_032015-O\" width=\"300\" height=\"225\" srcset=\"http:\/\/www.falerblocos.com.br\/v1\/wp-content\/uploads\/2016\/05\/forma-pisograma-em-s-6cm-em-pvc-796001-MLB20255796122_032015-O-300x225.jpg 300w, http:\/\/www.falerblocos.com.br\/v1\/wp-content\/uploads\/2016\/05\/forma-pisograma-em-s-6cm-em-pvc-796001-MLB20255796122_032015-O-400x300.jpg 400w, http:\/\/www.falerblocos.com.br\/v1\/wp-content\/uploads\/2016\/05\/forma-pisograma-em-s-6cm-em-pvc-796001-MLB20255796122_032015-O.jpg 500w\" sizes=\"auto, (max-width: 300px) 100vw, 300px\" \/><\/p>\n<h2 style=\"text-align: center;\">Caracter\u00edsticas dos pisogramas ou concregramas<\/h2>\n<p style=\"text-align: center;\">A pavimenta\u00e7\u00e3o com pisograma ou concregrama de concreto tem como caracter\u00edstica principal a simplicidade de instala\u00e7\u00e3o. Seu assentamento \u00e9 feito sobre uma camada de areia grossa, sem exigir ferramentas diferenciadas ou m\u00e3o de obra especializada.<\/p>\n<p style=\"text-align: center;\">Os pisogramas ou concregramas podem fazer um todo harmonioso com outros tipos de pisos intertravados ou bloquetes, Sua caracter\u00edstica drenante, permitindo a passagem da \u00e1gua, tornando o pisograma ou concregrama ecologicamente correto.<\/p>\n<table class=\" aligncenter\" border=\"0\" width=\"100%\" cellspacing=\"0\" cellpadding=\"0\">\n<tbody>\n<tr>\n<th scope=\"col\"><\/th>\n<th scope=\"col\"><\/th>\n<\/tr>\n<\/tbody>\n<\/table>\n<h2 style=\"text-align: center;\">Vantagens<\/h2>\n<h3 style=\"text-align: center;\"><\/h3>\n<h3 style=\"text-align: center;\">Simplicidade<\/h3>\n<p style=\"text-align: center;\">Os pisogramas ou concregramas s\u00e3o facilmente assentados sobre uma camada de areia ou p\u00f3 de pedra, sem necessidade de ferramentas diferenciadas, m\u00e1quinas ou m\u00e3o de obra especializada. Em seu interior, deve ser colocada terra vegetal para o plantio da grama.<\/p>\n<h3 style=\"text-align: center;\"><\/h3>\n<h3 style=\"text-align: center;\">Resist\u00eancia<\/h3>\n<p style=\"text-align: center;\">Os pisogramas ou concregramas s\u00e3o resistentes ao tr\u00e1fego de pessoas , ve\u00edculos e trafego pesado.<\/p>\n<h3 style=\"text-align: center;\"><\/h3>\n<h3 style=\"text-align: center;\">Durabilidade<\/h3>\n<p style=\"text-align: center;\">Os pisogramas tem grande durabilidade. Sua caracter\u00edstica estrutural permanece inalterada por muitos anos.<\/p>\n<h3 style=\"text-align: center;\">Utiliza\u00e7\u00e3o Imediata do Pavimento<\/h3>\n<p style=\"text-align: center;\">Ap\u00f3s o assentamento do concregrama, o tr\u00e1fego pode ser liberado imediatamente, n\u00e3o necessitando de qualquer tempo de secagem, cura do material ou qualquer acabamento superficial.<\/p>\n<h3 style=\"text-align: center;\"><\/h3>\n<h3 style=\"text-align: center;\">Facilidade de execu\u00e7\u00e3o<\/h3>\n<p style=\"text-align: center;\">O assentamento dos pisogramas ou concregramas pode ser feito com m\u00e3o de obra local, valorizando os recursos humanos de sua regi\u00e3o.<\/p>\n<h3 style=\"text-align: center;\"><\/h3>\n<h3 style=\"text-align: center;\">Est\u00e9tica<\/h3>\n<p style=\"text-align: center;\">Os pisos pisogramas com suas variadas formas e dimens\u00f5es podem criar composi\u00e7\u00f5es personalizadas de rara beleza. Podem ser utilizados junto com os pisos intertravados ou bloquetes nos mais variados tipos de obraso.<\/p>\n<h3 style=\"text-align: center;\"><\/h3>\n<h3 style=\"text-align: center;\">N\u00e3o Impermeabiliza o Solo<\/h3>\n<p style=\"text-align: center;\">Os pisogramas ou concregramas permitem a passagem da \u00e1gua da chuva, n\u00e3o impermeabilizando o solo e contribuindo para o controle das enchentes. Este fator o torna um produto ecologicamente correto.<\/p>\n<h3 style=\"text-align: center;\"><\/h3>\n<h3 style=\"text-align: center;\">Reutiliza\u00e7\u00e3o do Produto<\/h3>\n<p style=\"text-align: center;\">Os concregramas, ap\u00f3s seu assentamento, podem ser retirados e reaproveitados em outra obra ou local. Com 100% de aproveitamento das pe\u00e7as.<\/p>\n<h3 style=\"text-align: center;\"><\/h3>\n<h3 style=\"text-align: center;\">Facilidade de Manuten\u00e7\u00e3o<\/h3>\n<p style=\"text-align: center;\">Os pisogramas, ap\u00f3s longo tempo de uso, podem ser removidos total ou parcialmente com grande facilidade, sendo aproveitado no mesmo local ou em outra obra. Isto facilita a manuten\u00e7\u00e3o de canaliza\u00e7\u00f5es subterr\u00e2neas e corre\u00e7\u00e3o do leito trafeg\u00e1vel.<\/p>\n<p style=\"text-align: center;\"><img loading=\"lazy\" decoding=\"async\" class=\"wp-image-807 alignleft\" src=\"http:\/\/www.falerblocos.com.br\/v1\/wp-content\/uploads\/2016\/05\/PisoGrama-Solaje-Pr\u00e9-moldados-500x500-300x300.jpg\" alt=\"PisoGrama-Solaje Pr\u00e9-moldados-500x500\" width=\"349\" height=\"349\" srcset=\"http:\/\/www.falerblocos.com.br\/v1\/wp-content\/uploads\/2016\/05\/PisoGrama-Solaje-Pr\u00e9-moldados-500x500-300x300.jpg 300w, http:\/\/www.falerblocos.com.br\/v1\/wp-content\/uploads\/2016\/05\/PisoGrama-Solaje-Pr\u00e9-moldados-500x500-400x400.jpg 400w, http:\/\/www.falerblocos.com.br\/v1\/wp-content\/uploads\/2016\/05\/PisoGrama-Solaje-Pr\u00e9-moldados-500x500-100x100.jpg 100w, http:\/\/www.falerblocos.com.br\/v1\/wp-content\/uploads\/2016\/05\/PisoGrama-Solaje-Pr\u00e9-moldados-500x500.jpg 500w, http:\/\/www.falerblocos.com.br\/v1\/wp-content\/uploads\/2016\/05\/PisoGrama-Solaje-Pr\u00e9-moldados-500x500-150x150.jpg 150w, http:\/\/www.falerblocos.com.br\/v1\/wp-content\/uploads\/2016\/05\/PisoGrama-Solaje-Pr\u00e9-moldados-500x500-200x200.jpg 200w, http:\/\/www.falerblocos.com.br\/v1\/wp-content\/uploads\/2016\/05\/PisoGrama-Solaje-Pr\u00e9-moldados-500x500-88x88.jpg 88w\" sizes=\"auto, (max-width: 349px) 100vw, 349px\" \/><img loading=\"lazy\" decoding=\"async\" class=\"wp-image-806 alignleft\" src=\"http:\/\/www.falerblocos.com.br\/v1\/wp-content\/uploads\/2016\/05\/CONCREGRAMA-300x224.jpg\" alt=\"CONCREGRAMA\" width=\"349\" height=\"261\" srcset=\"http:\/\/www.falerblocos.com.br\/v1\/wp-content\/uploads\/2016\/05\/CONCREGRAMA-300x224.jpg 300w, http:\/\/www.falerblocos.com.br\/v1\/wp-content\/uploads\/2016\/05\/CONCREGRAMA-400x300.jpg 400w, http:\/\/www.falerblocos.com.br\/v1\/wp-content\/uploads\/2016\/05\/CONCREGRAMA.jpg 500w\" sizes=\"auto, (max-width: 349px) 100vw, 349px\" \/><\/p>\n<p><img loading=\"lazy\" decoding=\"async\" class=\"wp-image-809 alignleft\" src=\"http:\/\/www.falerblocos.com.br\/v1\/wp-content\/uploads\/2016\/05\/890523013827645-300x225.jpg\" alt=\"890523013827645\" width=\"349\" height=\"261\" srcset=\"http:\/\/www.falerblocos.com.br\/v1\/wp-content\/uploads\/2016\/05\/890523013827645-300x225.jpg 300w, http:\/\/www.falerblocos.com.br\/v1\/wp-content\/uploads\/2016\/05\/890523013827645-400x300.jpg 400w, http:\/\/www.falerblocos.com.br\/v1\/wp-content\/uploads\/2016\/05\/890523013827645-500x375.jpg 500w, http:\/\/www.falerblocos.com.br\/v1\/wp-content\/uploads\/2016\/05\/890523013827645.jpg 501w\" sizes=\"auto, (max-width: 349px) 100vw, 349px\" \/><\/p>\n","protected":false},"excerpt":{"rendered":"<p>O que s\u00e3o pisogramas ou concregramas? S\u00e3o pe\u00e7as feitas com concreto, utilizadas para a pavimenta\u00e7\u00e3o de \u00e1reas externas. As pe\u00e7as apresentam orif\u00edcios para o desenvolvimento da grama, proporcionando, al\u00e9m do efeito paisag\u00edstico, um efeito perme\u00e1vel e drenante do solo. Sua caracter\u00edstica construtiva protege a grama contra o esmagamento de ve\u00edculos e pedestres, sendo excelente alternativa [&hellip;]<\/p>\n","protected":false},"featured_media":808,"comment_status":"open","ping_status":"closed","template":"","meta":[],"product_brand":[],"product_cat":[13],"product_tag":[],"class_list":{"0":"post-804","1":"product","2":"type-product","3":"status-publish","4":"has-post-thumbnail","6":"product_cat-pisos-intertravados","8":"first","9":"instock","10":"shipping-taxable","11":"product-type-simple"},"_links":{"self":[{"href":"http:\/\/www.falerblocos.com.br\/v1\/wp-json\/wp\/v2\/product\/804","targetHints":{"allow":["GET"]}}],"collection":[{"href":"http:\/\/www.falerblocos.com.br\/v1\/wp-json\/wp\/v2\/product"}],"about":[{"href":"http:\/\/www.falerblocos.com.br\/v1\/wp-json\/wp\/v2\/types\/product"}],"replies":[{"embeddable":true,"href":"http:\/\/www.falerblocos.com.br\/v1\/wp-json\/wp\/v2\/comments?post=804"}],"wp:featuredmedia":[{"embeddable":true,"href":"http:\/\/www.falerblocos.com.br\/v1\/wp-json\/wp\/v2\/media\/808"}],"wp:attachment":[{"href":"http:\/\/www.falerblocos.com.br\/v1\/wp-json\/wp\/v2\/media?parent=804"}],"wp:term":[{"taxonomy":"product_brand","embeddable":true,"href":"http:\/\/www.falerblocos.com.br\/v1\/wp-json\/wp\/v2\/product_brand?post=804"},{"taxonomy":"product_cat","embeddable":true,"href":"http:\/\/www.falerblocos.com.br\/v1\/wp-json\/wp\/v2\/product_cat?post=804"},{"taxonomy":"product_tag","embeddable":true,"href":"http:\/\/www.falerblocos.com.br\/v1\/wp-json\/wp\/v2\/product_tag?post=804"}],"curies":[{"name":"wp","href":"https:\/\/api.w.org\/{rel}","templated":true}]}}