{"id":798,"date":"2016-05-27T08:50:28","date_gmt":"2016-05-27T11:50:28","guid":{"rendered":"http:\/\/www.falerblocos.com.br\/v1\/?post_type=product&#038;p=798"},"modified":"2025-10-04T10:39:13","modified_gmt":"2025-10-04T13:39:13","slug":"lajes-trelicadas-de-ceramicalajota","status":"publish","type":"product","link":"http:\/\/www.falerblocos.com.br\/v1\/produto\/lajes-trelicadas-de-ceramicalajota\/","title":{"rendered":"Lajes treli\u00e7adas de cer\u00e2mica\/lajota"},"content":{"rendered":"<h2 style=\"text-align: center;\"><span style=\"color: #ff0000;\">Laje treli\u00e7ada com cer\u00e2mica<\/span><\/h2>\n<p style=\"text-align: center;\">A <b>laje treli\u00e7ada com cer\u00e2mica <\/b>tem \u00f3tima resist\u00eancia e n\u00e3o necessita o uso de formas na montagem (formas remov\u00edveis de polietileno). A cer\u00e2mica deve seguir os padr\u00f5es do mercado nacional, al\u00e9m das normas gerais que padronizam o produto. A resist\u00eancia da laje assim como a quantidade de concreto\u00a0aplicado dependem dessa normatiza\u00e7\u00e3o geral.\u00a0 Entre as vantagens principais est\u00e3o a facilidade na montagem, menores deforma\u00e7\u00f5es na laje, evitando o surgimento de trincas e rachaduras no futuro.<\/p>\n<div id=\"attachment_3656\" class=\"wp-caption aligncenter\"><img loading=\"lazy\" decoding=\"async\" class=\"size-full wp-image-3656 aligncenter\" src=\"http:\/\/construindo.org\/wp-content\/uploads\/2014\/02\/laje-trelicada-com-ceramica.jpg\" sizes=\"auto, (max-width: 640px) 100vw, 640px\" srcset=\"http:\/\/construindodecor.com.br\/wp-content\/uploads\/2014\/02\/laje-trelicada-com-ceramica.jpg 640w, http:\/\/construindodecor.com.br\/wp-content\/uploads\/2014\/02\/laje-trelicada-com-ceramica-300x225.jpg 300w\" alt=\"Laje treli\u00e7ada com uso de tavela cer\u00e2mica\" width=\"640\" height=\"480\" \/><\/div>\n","protected":false},"excerpt":{"rendered":"<p>Laje treli\u00e7ada com cer\u00e2mica A laje treli\u00e7ada com cer\u00e2mica tem \u00f3tima resist\u00eancia e n\u00e3o necessita o uso de formas na montagem (formas remov\u00edveis de polietileno). A cer\u00e2mica deve seguir os padr\u00f5es do mercado nacional, al\u00e9m das normas gerais que padronizam o produto. A resist\u00eancia da laje assim como a quantidade de concreto\u00a0aplicado dependem dessa normatiza\u00e7\u00e3o [&hellip;]<\/p>\n","protected":false},"featured_media":799,"comment_status":"open","ping_status":"closed","template":"","meta":[],"product_brand":[],"product_cat":[33],"product_tag":[],"class_list":{"0":"post-798","1":"product","2":"type-product","3":"status-publish","4":"has-post-thumbnail","6":"product_cat-lajes-trelicada","8":"first","9":"instock","10":"shipping-taxable","11":"product-type-simple"},"_links":{"self":[{"href":"http:\/\/www.falerblocos.com.br\/v1\/wp-json\/wp\/v2\/product\/798","targetHints":{"allow":["GET"]}}],"collection":[{"href":"http:\/\/www.falerblocos.com.br\/v1\/wp-json\/wp\/v2\/product"}],"about":[{"href":"http:\/\/www.falerblocos.com.br\/v1\/wp-json\/wp\/v2\/types\/product"}],"replies":[{"embeddable":true,"href":"http:\/\/www.falerblocos.com.br\/v1\/wp-json\/wp\/v2\/comments?post=798"}],"wp:featuredmedia":[{"embeddable":true,"href":"http:\/\/www.falerblocos.com.br\/v1\/wp-json\/wp\/v2\/media\/799"}],"wp:attachment":[{"href":"http:\/\/www.falerblocos.com.br\/v1\/wp-json\/wp\/v2\/media?parent=798"}],"wp:term":[{"taxonomy":"product_brand","embeddable":true,"href":"http:\/\/www.falerblocos.com.br\/v1\/wp-json\/wp\/v2\/product_brand?post=798"},{"taxonomy":"product_cat","embeddable":true,"href":"http:\/\/www.falerblocos.com.br\/v1\/wp-json\/wp\/v2\/product_cat?post=798"},{"taxonomy":"product_tag","embeddable":true,"href":"http:\/\/www.falerblocos.com.br\/v1\/wp-json\/wp\/v2\/product_tag?post=798"}],"curies":[{"name":"wp","href":"https:\/\/api.w.org\/{rel}","templated":true}]}}