{"id":778,"date":"2016-05-25T11:40:03","date_gmt":"2016-05-25T14:40:03","guid":{"rendered":"http:\/\/www.falerblocos.com.br\/v1\/?post_type=product&#038;p=778"},"modified":"2025-10-04T10:39:13","modified_gmt":"2025-10-04T13:39:13","slug":"lajes-teste1","status":"publish","type":"product","link":"http:\/\/www.falerblocos.com.br\/v1\/produto\/lajes-teste1\/","title":{"rendered":"Lajes treli\u00e7adas de Eps \/ Isopor."},"content":{"rendered":"<div class=\"\" style=\"text-align: center;\"><a href=\"http:\/\/3.bp.blogspot.com\/-_qS0ViJaFVs\/Vgk8lO_LXHI\/AAAAAAAAlrw\/YCDDQdMVAAk\/s1600\/LAJE%2BDE%2BISOPOR%2B-%2BVantagens%2Be%2Bcomo%2Bmontar%2Bo%2BEPS%2B1.jpg\"><img loading=\"lazy\" decoding=\"async\" class=\"aligncenter\" src=\"http:\/\/3.bp.blogspot.com\/-_qS0ViJaFVs\/Vgk8lO_LXHI\/AAAAAAAAlrw\/YCDDQdMVAAk\/s400\/LAJE%2BDE%2BISOPOR%2B-%2BVantagens%2Be%2Bcomo%2Bmontar%2Bo%2BEPS%2B1.jpg\" width=\"400\" height=\"226\" border=\"0\" \/><\/a>O bloco feito com um isopor resistente fica como base e suporta bem, tanto quanto o tijolo ou o concreto.<\/div>\n<div style=\"text-align: center;\">Uma pe\u00e7a de isopor ocupa sozinha o espa\u00e7o que cinco lajotas tradicionais e aguenta at\u00e9 370 kg por metro quadrado.\u00a0Outra vantagem \u00e9 o peso dele, que pode chegar at\u00e9 70% menos do que o material tradicional.<br \/>\nJ\u00e1 que uma \u00fanica pe\u00e7a de isopor pode ocupar o espa\u00e7o de at\u00e9 cinco lajotas, \u00e9 vantagem comprar ou o pre\u00e7o \u00e9 muito alto?<\/div>\n<div>\n<p>O custo em reais \u00e9 equivalente. O maior ganho de quem opta pelas lajes de isopor vem depois: constru\u00e7\u00e3o mais r\u00e1pida e melhora do desempenho ac\u00fastico e t\u00e9rmico da constru\u00e7\u00e3o.<\/p>\n<div><a href=\"http:\/\/2.bp.blogspot.com\/-hYh6gvSi65M\/Vgk8lHxNlVI\/AAAAAAAAlr4\/EvHjLAy3qyI\/s1600\/LAJE%2BDE%2BISOPOR%2B-%2BVantagens%2Be%2Bcomo%2Bmontar%2Bo%2BEPS%2B3.jpg\"><img decoding=\"async\" src=\"http:\/\/2.bp.blogspot.com\/-hYh6gvSi65M\/Vgk8lHxNlVI\/AAAAAAAAlr4\/EvHjLAy3qyI\/s1600\/LAJE%2BDE%2BISOPOR%2B-%2BVantagens%2Be%2Bcomo%2Bmontar%2Bo%2BEPS%2B3.jpg\" border=\"0\" \/><\/a><\/div>\n<\/div>\n<div><\/div>\n<div>O isopor isola o frio ou o calor do lado de fora e mant\u00e9m o interior da casa com uma temperatura mais agrad\u00e1vel. Al\u00e9m disso, as pe\u00e7as de isopor s\u00e3o f\u00e1ceis de carregar e pesam menos na estrutura da obra.<\/div>\n<div><\/div>\n<div>Como se v\u00ea, o custo-benef\u00edcio das lajes de isopor deve ser seriamente avaliado na hora de construir o teto da sua casa.<\/div>\n<div style=\"text-align: center;\"><\/div>\n<div style=\"text-align: center;\"><b>Principais Vantagens das Lajotas de Isopor:<\/b><\/div>\n<ul style=\"text-align: center;\">\n<li>Excelente para isolamento t\u00e9rmico<\/li>\n<li>Transporte facilitado<\/li>\n<li>Economia em concreto e a\u00e7o<\/li>\n<li>Mais resist\u00eancia em rela\u00e7\u00e3o \u00e0 quebra<\/li>\n<li>Mais leve: facilita o manuseio e torna a obra mais r\u00e1pida e econ\u00f4mica<\/li>\n<li>Produto ecologicamente correto:<\/li>\n<li>N\u00e3o degrada a natureza<\/li>\n<li>Produ\u00e7\u00e3o sem emiss\u00e3o de CFC<\/li>\n<li>EPS \u00e9 totalmente recicl\u00e1vel<\/li>\n<\/ul>\n<div style=\"text-align: center;\"><b>Como fazer constru\u00e7\u00e3o com lajotas de isopor:<\/b><\/div>\n<div style=\"text-align: center;\"><b>\u00a0<\/b><\/div>\n<p style=\"text-align: center;\"><b>Vigotas:<\/b> todas as medidas devem ser informadas no projeto como: tamanho, comprimento etc.<\/p>\n<div style=\"text-align: center;\"><b>Projeto do escoramento:<\/b> o escoramento, apesar de ser uma estrutura provis\u00f3ria, \u00e9 muito importante. Por\u00e9m, durante a montagem, ela \u00e9 usada com vigotas (treli\u00e7adas ou comuns) e concretagem. No caso do escoramento, o mesmo deve estar bem travado e apoiado sobre o solo r\u00edgido durante todo o per\u00edodo de cura.<\/div>\n<div style=\"text-align: center;\"><b>Montagem:<\/b> Comece a montagem da laje com a 1\u00aa e a 2\u00aa vigotas e, logo depois, uma fileira de lajotas de EPS. Coloque o restante das vigotas usando as lajotas de EPS nas extremidades para espa\u00e7\u00e1-las corretamente e complete depois os espa\u00e7os que restam. Deixe as lajotas presas nas vigotas, encaixadas bem firmes, n\u00e3o deixando espa\u00e7os para aberturas, evitando, assim, escorrimentos de nata de cimento. Sempre usar t\u00e1buas ou qualquer tipo de passarela sobre as vigotas para fazer a montagem da laje, pois n\u00e3o \u00e9 indicado pisar diretamente sobre as lajotas de Isopor.<\/div>\n<div>\n<p><b>Tubula\u00e7\u00f5es e condu\u00edtes:<\/b> para fazer o corte do EPS, use um instrumento afiado que pode ser uma faca, um serrote ou at\u00e9 um soprador de ar quente para fazer a passagem para embutir a tubula\u00e7\u00e3o hidr\u00e1ulica e os condu\u00edtes.<\/p>\n<p style=\"text-align: center;\"><b>Cuidados:\u00a0<\/b>Durante a concretagem, ande sobre t\u00e1buas apoiadas nas vigotas e n\u00e3o acumule grandes montes de concreto localizado para n\u00e3o sobrecarregar as vigotas e as lajotas em EPS.<br \/>\nO procedimento de vibra\u00e7\u00e3o do concreto, cura e retirada do escoramento deve ser feito de acordo com o projeto feito pelo engenheiro da obra.<br \/>\nA superf\u00edcie uniforme permite que o revestimento tenha espessura mais homog\u00eanea e evita desperd\u00edcios.<\/p>\n<p style=\"text-align: center;\">Veja tamb\u00e9m: <a href=\"http:\/\/www.meiacolher.com\/2014\/07\/aprenda-como-fazer-uma-laje-corretamente.html\" target=\"_blank\"><b>Como construir uma laje corretamente.<\/b><\/a><\/p>\n<p style=\"text-align: center;\">A aplica\u00e7\u00e3o do revestimento na laje dever\u00e1 ser iniciada somente ap\u00f3s o t\u00e9rmino da coloca\u00e7\u00e3o do telhado ou da impermeabiliza\u00e7\u00e3o da laje porque a \u00e1gua da chuva pode danificar o revestimento.<br \/>\nPara revestir a laje, pode-se usar o revestimento convencional de argamassa para chapisco, argamassa para esbo\u00e7o e tamb\u00e9m massa grossa ou revestimento com gesso.<\/p>\n<\/div>\n","protected":false},"excerpt":{"rendered":"<p>O bloco feito com um isopor resistente fica como base e suporta bem, tanto quanto o tijolo ou o concreto. Uma pe\u00e7a de isopor ocupa sozinha o espa\u00e7o que cinco lajotas tradicionais e aguenta at\u00e9 370 kg por metro quadrado.\u00a0Outra vantagem \u00e9 o peso dele, que pode chegar at\u00e9 70% menos do que o material [&hellip;]<\/p>\n","protected":false},"featured_media":801,"comment_status":"open","ping_status":"closed","template":"","meta":[],"product_brand":[],"product_cat":[33],"product_tag":[],"class_list":{"0":"post-778","1":"product","2":"type-product","3":"status-publish","4":"has-post-thumbnail","6":"product_cat-lajes-trelicada","8":"first","9":"instock","10":"shipping-taxable","11":"product-type-simple"},"_links":{"self":[{"href":"http:\/\/www.falerblocos.com.br\/v1\/wp-json\/wp\/v2\/product\/778","targetHints":{"allow":["GET"]}}],"collection":[{"href":"http:\/\/www.falerblocos.com.br\/v1\/wp-json\/wp\/v2\/product"}],"about":[{"href":"http:\/\/www.falerblocos.com.br\/v1\/wp-json\/wp\/v2\/types\/product"}],"replies":[{"embeddable":true,"href":"http:\/\/www.falerblocos.com.br\/v1\/wp-json\/wp\/v2\/comments?post=778"}],"wp:featuredmedia":[{"embeddable":true,"href":"http:\/\/www.falerblocos.com.br\/v1\/wp-json\/wp\/v2\/media\/801"}],"wp:attachment":[{"href":"http:\/\/www.falerblocos.com.br\/v1\/wp-json\/wp\/v2\/media?parent=778"}],"wp:term":[{"taxonomy":"product_brand","embeddable":true,"href":"http:\/\/www.falerblocos.com.br\/v1\/wp-json\/wp\/v2\/product_brand?post=778"},{"taxonomy":"product_cat","embeddable":true,"href":"http:\/\/www.falerblocos.com.br\/v1\/wp-json\/wp\/v2\/product_cat?post=778"},{"taxonomy":"product_tag","embeddable":true,"href":"http:\/\/www.falerblocos.com.br\/v1\/wp-json\/wp\/v2\/product_tag?post=778"}],"curies":[{"name":"wp","href":"https:\/\/api.w.org\/{rel}","templated":true}]}}