{"id":616,"date":"2016-05-12T20:18:34","date_gmt":"2016-05-12T23:18:34","guid":{"rendered":"http:\/\/www.falerblocos.com.br\/produto\/familia-bloco-de-14-com-encaixe-machofemea-copia\/"},"modified":"2025-10-04T10:39:12","modified_gmt":"2025-10-04T13:39:12","slug":"familia-bloco-de-14-com-encaixe-machofemea-copia","status":"publish","type":"product","link":"http:\/\/www.falerblocos.com.br\/v1\/produto\/familia-bloco-de-14-com-encaixe-machofemea-copia\/","title":{"rendered":"2 &#8211; Fam\u00edlia bloco de 12 com encaixe (macho\/f\u00eamea)"},"content":{"rendered":"<h2 style=\"text-align: center;\">Especifica\u00e7\u00f5es :<\/h2>\n<table border=\"2\" width=\"793\" cellspacing=\"0\" cellpadding=\"0\">\n<tbody>\n<tr>\n<td valign=\"middle\" width=\"193\"><strong>Fotos<\/strong><\/td>\n<td valign=\"middle\" width=\"193\"><strong>\u00a0Bloco de 12 com Encaixe<br \/>\n<\/strong><\/td>\n<td valign=\"middle\" width=\"44\">\n<p align=\"center\"><strong>Larg<\/strong><\/p>\n<\/td>\n<td valign=\"middle\" width=\"35\">\n<p align=\"center\"><strong>Alt<\/strong><\/p>\n<\/td>\n<td valign=\"middle\" width=\"48\">\n<p align=\"center\"><strong>Comp<\/strong><\/p>\n<\/td>\n<td valign=\"middle\" width=\"80\">\n<p align=\"center\"><strong>Qt por M\u00b2<\/strong><\/p>\n<\/td>\n<\/tr>\n<tr>\n<td valign=\"middle\" width=\"193\">\u00a0<img loading=\"lazy\" decoding=\"async\" class=\"alignnone size-medium wp-image-761\" src=\"http:\/\/www.falerblocos.com.br\/v1\/wp-content\/uploads\/2016\/05\/98d1370e-dc1f-4f58-9627-7d9319945e12-300x169.jpg\" alt=\"98d1370e-dc1f-4f58-9627-7d9319945e12\" width=\"300\" height=\"169\" srcset=\"http:\/\/www.falerblocos.com.br\/v1\/wp-content\/uploads\/2016\/05\/98d1370e-dc1f-4f58-9627-7d9319945e12-300x169.jpg 300w, http:\/\/www.falerblocos.com.br\/v1\/wp-content\/uploads\/2016\/05\/98d1370e-dc1f-4f58-9627-7d9319945e12-400x225.jpg 400w, http:\/\/www.falerblocos.com.br\/v1\/wp-content\/uploads\/2016\/05\/98d1370e-dc1f-4f58-9627-7d9319945e12-500x281.jpg 500w, http:\/\/www.falerblocos.com.br\/v1\/wp-content\/uploads\/2016\/05\/98d1370e-dc1f-4f58-9627-7d9319945e12.jpg 1280w\" sizes=\"auto, (max-width: 300px) 100vw, 300px\" \/><\/td>\n<td valign=\"middle\" width=\"193\">&nbsp;<\/p>\n<p>&nbsp;<\/p>\n<p>Bloco de 12 com encaixe (4,0 Mpa)<\/td>\n<td valign=\"middle\" width=\"44\">\n<p align=\"center\">12<\/p>\n<\/td>\n<td valign=\"middle\" width=\"35\">\n<p align=\"center\">19<\/p>\n<\/td>\n<td valign=\"middle\" width=\"48\">\n<p align=\"center\">39<\/p>\n<\/td>\n<td valign=\"middle\" width=\"80\">\n<p align=\"center\">12,5<\/p>\n<\/td>\n<\/tr>\n<\/tbody>\n<\/table>\n<table border=\"2\" width=\"793\" cellspacing=\"0\" cellpadding=\"0\">\n<tbody>\n<tr>\n<td valign=\"middle\" width=\"193\"><strong>Fotos<\/strong><\/td>\n<td valign=\"middle\" width=\"193\"><strong>Meio- Bloco de 12 com Encaixe<br \/>\n<\/strong><\/td>\n<td valign=\"middle\" width=\"44\">\n<p align=\"center\"><strong>Larg<\/strong><\/p>\n<\/td>\n<td valign=\"middle\" width=\"35\">\n<p align=\"center\"><strong>Alt<\/strong><\/p>\n<\/td>\n<td valign=\"middle\" width=\"48\">\n<p align=\"center\"><strong>Comp<\/strong><\/p>\n<\/td>\n<td valign=\"middle\" width=\"80\">\n<p align=\"center\"><strong>Qt por M\u00b2<\/strong><\/p>\n<\/td>\n<\/tr>\n<tr>\n<td valign=\"middle\" width=\"193\">\u00a0<img loading=\"lazy\" decoding=\"async\" class=\"alignnone size-medium wp-image-768\" src=\"http:\/\/www.falerblocos.com.br\/v1\/wp-content\/uploads\/2016\/05\/c926903b-7ca6-4050-a4ea-54890bc6c161-1-1-300x169.jpg\" alt=\"c926903b-7ca6-4050-a4ea-54890bc6c161 (1)\" width=\"300\" height=\"169\" srcset=\"http:\/\/www.falerblocos.com.br\/v1\/wp-content\/uploads\/2016\/05\/c926903b-7ca6-4050-a4ea-54890bc6c161-1-1-300x169.jpg 300w, http:\/\/www.falerblocos.com.br\/v1\/wp-content\/uploads\/2016\/05\/c926903b-7ca6-4050-a4ea-54890bc6c161-1-1-400x225.jpg 400w, http:\/\/www.falerblocos.com.br\/v1\/wp-content\/uploads\/2016\/05\/c926903b-7ca6-4050-a4ea-54890bc6c161-1-1-500x281.jpg 500w, http:\/\/www.falerblocos.com.br\/v1\/wp-content\/uploads\/2016\/05\/c926903b-7ca6-4050-a4ea-54890bc6c161-1-1.jpg 1280w\" sizes=\"auto, (max-width: 300px) 100vw, 300px\" \/><\/td>\n<td valign=\"middle\" width=\"193\">&nbsp;<\/p>\n<p>&nbsp;<\/p>\n<p>Meio-Bloco de 12 com encaixe<\/td>\n<td valign=\"middle\" width=\"44\">\n<p align=\"center\">12<\/p>\n<\/td>\n<td valign=\"middle\" width=\"35\">\n<p align=\"center\">19<\/p>\n<\/td>\n<td valign=\"middle\" width=\"48\">\n<p align=\"center\">19<\/p>\n<\/td>\n<td valign=\"middle\" width=\"80\"><\/td>\n<\/tr>\n<\/tbody>\n<\/table>\n<table border=\"2\" width=\"793\" cellspacing=\"0\" cellpadding=\"0\">\n<tbody>\n<tr>\n<td valign=\"middle\" width=\"193\"><strong>Fotos<\/strong><\/td>\n<td valign=\"middle\" width=\"193\"><strong>\u00a0Bloco Canaleta de 12<br \/>\n<\/strong><\/td>\n<td valign=\"middle\" width=\"44\">\n<p align=\"center\"><strong>Larg<\/strong><\/p>\n<\/td>\n<td valign=\"middle\" width=\"35\">\n<p align=\"center\"><strong>Alt<\/strong><\/p>\n<\/td>\n<td valign=\"middle\" width=\"48\">\n<p align=\"center\"><strong>Comp<\/strong><\/p>\n<\/td>\n<td valign=\"middle\" width=\"80\">\n<p align=\"center\"><strong>Qt por M\u00b2<\/strong><\/p>\n<\/td>\n<\/tr>\n<tr>\n<td valign=\"middle\" width=\"193\">\u00a0<img loading=\"lazy\" decoding=\"async\" class=\"alignnone size-medium wp-image-759\" src=\"http:\/\/www.falerblocos.com.br\/v1\/wp-content\/uploads\/2016\/05\/1150185a-1a6e-44b0-8d91-184e145179a6-300x169.jpg\" alt=\"1150185a-1a6e-44b0-8d91-184e145179a6\" width=\"300\" height=\"169\" srcset=\"http:\/\/www.falerblocos.com.br\/v1\/wp-content\/uploads\/2016\/05\/1150185a-1a6e-44b0-8d91-184e145179a6-300x169.jpg 300w, http:\/\/www.falerblocos.com.br\/v1\/wp-content\/uploads\/2016\/05\/1150185a-1a6e-44b0-8d91-184e145179a6-400x225.jpg 400w, http:\/\/www.falerblocos.com.br\/v1\/wp-content\/uploads\/2016\/05\/1150185a-1a6e-44b0-8d91-184e145179a6-500x281.jpg 500w, http:\/\/www.falerblocos.com.br\/v1\/wp-content\/uploads\/2016\/05\/1150185a-1a6e-44b0-8d91-184e145179a6.jpg 1280w\" sizes=\"auto, (max-width: 300px) 100vw, 300px\" \/><\/td>\n<td valign=\"middle\" width=\"193\">&nbsp;<\/p>\n<p>&nbsp;<\/p>\n<p>Bloco Canaleta de 12 \u00a0(3,0 Mpa)<\/td>\n<td valign=\"middle\" width=\"44\">\n<p align=\"center\">12<\/p>\n<\/td>\n<td valign=\"middle\" width=\"35\">\n<p align=\"center\">19<\/p>\n<\/td>\n<td valign=\"middle\" width=\"48\">\n<p align=\"center\">39<\/p>\n<\/td>\n<td valign=\"middle\" width=\"80\">\n<p align=\"center\">12,5<\/p>\n<\/td>\n<\/tr>\n<\/tbody>\n<\/table>\n<table border=\"2\" width=\"793\" cellspacing=\"0\" cellpadding=\"0\">\n<tbody>\n<tr>\n<td valign=\"middle\" width=\"193\"><strong>Fotos<\/strong><\/td>\n<td valign=\"middle\" width=\"193\"><strong>\u00a0Bloco Canto Reto de 12 com Encaixe<br \/>\n<\/strong><\/td>\n<td valign=\"middle\" width=\"44\">\n<p align=\"center\"><strong>Larg<\/strong><\/p>\n<\/td>\n<td valign=\"middle\" width=\"35\">\n<p align=\"center\"><strong>Alt<\/strong><\/p>\n<\/td>\n<td valign=\"middle\" width=\"48\">\n<p align=\"center\"><strong>Comp<\/strong><\/p>\n<\/td>\n<td valign=\"middle\" width=\"80\">\n<p align=\"center\"><strong>Qt por M\u00b2<\/strong><\/p>\n<\/td>\n<\/tr>\n<tr>\n<td valign=\"middle\" width=\"193\">\u00a0<img loading=\"lazy\" decoding=\"async\" class=\"alignnone size-medium wp-image-781\" src=\"http:\/\/www.falerblocos.com.br\/v1\/wp-content\/uploads\/2016\/05\/Imagem-celular-445-300x169.jpg\" alt=\"Imagem celular 445\" width=\"300\" height=\"169\" srcset=\"http:\/\/www.falerblocos.com.br\/v1\/wp-content\/uploads\/2016\/05\/Imagem-celular-445-300x169.jpg 300w, http:\/\/www.falerblocos.com.br\/v1\/wp-content\/uploads\/2016\/05\/Imagem-celular-445-400x225.jpg 400w, http:\/\/www.falerblocos.com.br\/v1\/wp-content\/uploads\/2016\/05\/Imagem-celular-445-500x281.jpg 500w\" sizes=\"auto, (max-width: 300px) 100vw, 300px\" \/><\/td>\n<td valign=\"middle\" width=\"193\">&nbsp;<\/p>\n<p>&nbsp;<\/p>\n<p>Bloco Canto Reto de 12 com encaixe (4,0 Mpa)<\/td>\n<td valign=\"middle\" width=\"44\">\n<p align=\"center\">12<\/p>\n<\/td>\n<td valign=\"middle\" width=\"35\">\n<p align=\"center\">19<\/p>\n<\/td>\n<td valign=\"middle\" width=\"48\">\n<p align=\"center\">39<\/p>\n<\/td>\n<td valign=\"middle\" width=\"80\">\n<p align=\"center\">12,5<\/p>\n<\/td>\n<\/tr>\n<\/tbody>\n<\/table>\n<table border=\"2\" width=\"793\" cellspacing=\"0\" cellpadding=\"0\">\n<tbody>\n<tr>\n<td valign=\"middle\" width=\"193\"><strong>Fotos<\/strong><\/td>\n<td valign=\"middle\" width=\"193\"><strong>\u00a0Bloco Canto em L de 12 com Encaixe<br \/>\n<\/strong><\/td>\n<td valign=\"middle\" width=\"44\">\n<p align=\"center\"><strong>Larg<\/strong><\/p>\n<\/td>\n<td valign=\"middle\" width=\"35\">\n<p align=\"center\"><strong>Alt<\/strong><\/p>\n<\/td>\n<td valign=\"middle\" width=\"48\">\n<p align=\"center\"><strong>Comp<\/strong><\/p>\n<\/td>\n<td valign=\"middle\" width=\"80\">\n<p align=\"center\"><strong>Qt por M\u00b2<\/strong><\/p>\n<\/td>\n<\/tr>\n<tr>\n<td valign=\"middle\" width=\"193\">\u00a0<img loading=\"lazy\" decoding=\"async\" class=\"alignnone size-medium wp-image-760\" src=\"http:\/\/www.falerblocos.com.br\/v1\/wp-content\/uploads\/2016\/05\/cf720574-abad-4a98-8c3e-f1fd425c7918-300x169.jpg\" alt=\"cf720574-abad-4a98-8c3e-f1fd425c7918\" width=\"300\" height=\"169\" srcset=\"http:\/\/www.falerblocos.com.br\/v1\/wp-content\/uploads\/2016\/05\/cf720574-abad-4a98-8c3e-f1fd425c7918-300x169.jpg 300w, http:\/\/www.falerblocos.com.br\/v1\/wp-content\/uploads\/2016\/05\/cf720574-abad-4a98-8c3e-f1fd425c7918-400x225.jpg 400w, http:\/\/www.falerblocos.com.br\/v1\/wp-content\/uploads\/2016\/05\/cf720574-abad-4a98-8c3e-f1fd425c7918-500x281.jpg 500w, http:\/\/www.falerblocos.com.br\/v1\/wp-content\/uploads\/2016\/05\/cf720574-abad-4a98-8c3e-f1fd425c7918.jpg 1280w\" sizes=\"auto, (max-width: 300px) 100vw, 300px\" \/><\/td>\n<td valign=\"middle\" width=\"193\">&nbsp;<\/p>\n<p>&nbsp;<\/p>\n<p>Bloco L Para os cantos de 12 com encaixe (4,0 Mpa)<\/td>\n<td valign=\"middle\" width=\"44\">\n<p align=\"center\">12<\/p>\n<\/td>\n<td valign=\"middle\" width=\"35\">\n<p align=\"center\">19<\/p>\n<\/td>\n<td valign=\"middle\" width=\"48\">\n<p align=\"center\">39\/19<\/p>\n<\/td>\n<td valign=\"middle\" width=\"80\"><\/td>\n<\/tr>\n<\/tbody>\n<\/table>\n<h1 style=\"text-align: center;\">* <span style=\"color: #ff0000;\">Vantagens em utilizar blocos com Encaixe:<br \/>\n<\/span><\/h1>\n<h2 style=\"text-align: center;\">* Bloco com Encaixe macho e f\u00eamea:<\/h2>\n<h4 style=\"text-align: center;\">O bloco de encaixe foi desenvolvido visando gerar economia e melhorar o desempenho no assentamento dos blocos. Com seu formato e sua resist\u00eancia superior proporcionam as seguintes vantagens:<\/h4>\n<h4 style=\"text-align: center;\"><span style=\"color: #ff0000;\"><b>&#8211; Economia na Argamassa de assentamento:<\/b><\/span><\/h4>\n<h4 style=\"text-align: center;\">O encaixe macho e f\u00eamea na junta vertical do bloco dispensa o uso da argamassa nesta \u00e1rea. Por ser bloco vazado limita-se o uso da argamassa de assentamento na \u00e1rea de contato dos blocos, eliminando o desperd\u00edcio usualmente praticado no assentamento dos blocos com fundo.Desta forma o bloco de encaixe gera uma economia de at\u00e9 70% comparada aos blocos com fundo.<\/h4>\n<h4 style=\"text-align: center;\"><span style=\"color: #ff0000;\"><b>&#8211; Economia em madeiras, pregos e arames:<\/b><\/span><\/h4>\n<h4 style=\"text-align: center;\">O formato vazado e com 2 furos, fornece colunas verticais que proporcionam espa\u00e7o interno para confec\u00e7\u00e3o de coluna aramada ou para grauteamento (barra de ferro \u00fanica).Este procedimento permite a elimina\u00e7\u00e3o da montagem de formas de madeira, o que resulta numa economia de praticamente 100% no consumo de madeiras, pregos e arames.<\/h4>\n<h4 style=\"text-align: center;\"><span style=\"color: #ff0000;\"><b>&#8211; Economia no consumo de ferro:<\/b><\/span><\/h4>\n<h4 style=\"text-align: center;\">O bloco de encaixe, devido ao seu formato e resist\u00eancia estrutural, permite o uso de graute em substitui\u00e7\u00e3o \u00e0 coluna armada. A combina\u00e7\u00e3o entre bloco de encaixe e graute garante uma parede apta a suportar o peso da estrutura (laje e telhado) eliminando a necessidade de pilares para sustenta\u00e7\u00e3o.O uso do bloco de encaixe com grauteamento substitui o uso da coluna armada gerando assim economia em torno de 70% no consumo de ferro.<\/h4>\n<h4 style=\"text-align: center;\"><span style=\"color: #ff0000;\"><b>-Economia de m\u00e3o de obra:<\/b><\/span><\/h4>\n<h4 style=\"text-align: center;\">Por n\u00e3o haver necessidade de colocar massa na junta vertical devido ao encaixe do bloco, pelo menor volume de argamassa consumida no assentamento e em fun\u00e7\u00e3o do alinhamento dos furos dos blocos (permitindo a passagem de tubula\u00e7\u00f5es el\u00e9trica e hidr\u00e1ulica sem a quebra de paredes), o uso do bloco de encaixe garante a economia no tempo de execu\u00e7\u00e3o do servi\u00e7o.<\/h4>\n<h4 style=\"text-align: center;\"><span style=\"color: #ff0000;\"><b>&#8211; Menor gera\u00e7\u00e3o de res\u00edduos:<\/b><\/span><\/h4>\n<h4 style=\"text-align: center;\">Em fun\u00e7\u00e3o do alinhamento dos furos do bloco, \u00e9 permitida a passagem de tubula\u00e7\u00e3o el\u00e9trica e hidr\u00e1ulica em seu interior evitando a quebra de paredes e o n\u00e3o comprometimento da estrutura das mesmas, o que resulta na gera\u00e7\u00e3o de menos res\u00edduo (ecologicamente correto) e por consequ\u00eancia menos desperd\u00edcio.<\/h4>\n<h4 style=\"text-align: center;\"><span style=\"color: #ff0000;\"><b>-Maior resist\u00eancia:<\/b><\/span><\/h4>\n<h4 style=\"text-align: center;\">O formato do bloco e sua sali\u00eancia para encaixe resultam em uma \u00e1rea de resist\u00eancia vertical muito superior a dos blocos comuns .<\/h4>\n<h4 style=\"text-align: center;\"><span style=\"color: #ff0000;\"><b>&#8211; Economia no acabamento:<\/b><\/span><\/h4>\n<h4 style=\"text-align: center;\">O bloco de encaixe \u00e9 fabricado com superf\u00edcie semi-aparente destinado a receber revestimento. Sua superf\u00edcie garante boa ader\u00eancia permitindo que o revestimento (gesso ou grafiato) seja aplicado diretamente sobre os blocos, sem a necessidade de reboco. A elimina\u00e7\u00e3o do reboco gera economia de tempo e mat\u00e9ria prima.<\/h4>\n<p><img loading=\"lazy\" decoding=\"async\" class=\"alignnone size-medium wp-image-753\" src=\"http:\/\/www.falerblocos.com.br\/v1\/wp-content\/uploads\/2016\/05\/9c8a8a4c-e291-45fd-a15f-ca29263bc194-300x169.jpg\" alt=\"9c8a8a4c-e291-45fd-a15f-ca29263bc194\" width=\"300\" height=\"169\" srcset=\"http:\/\/www.falerblocos.com.br\/v1\/wp-content\/uploads\/2016\/05\/9c8a8a4c-e291-45fd-a15f-ca29263bc194-300x169.jpg 300w, http:\/\/www.falerblocos.com.br\/v1\/wp-content\/uploads\/2016\/05\/9c8a8a4c-e291-45fd-a15f-ca29263bc194-400x225.jpg 400w, http:\/\/www.falerblocos.com.br\/v1\/wp-content\/uploads\/2016\/05\/9c8a8a4c-e291-45fd-a15f-ca29263bc194-500x281.jpg 500w, http:\/\/www.falerblocos.com.br\/v1\/wp-content\/uploads\/2016\/05\/9c8a8a4c-e291-45fd-a15f-ca29263bc194.jpg 1280w\" sizes=\"auto, (max-width: 300px) 100vw, 300px\" \/><img loading=\"lazy\" decoding=\"async\" class=\"alignnone size-medium wp-image-750\" src=\"http:\/\/www.falerblocos.com.br\/v1\/wp-content\/uploads\/2016\/05\/ae9237d6-f756-4f48-a7ee-6da6250da352-300x169.jpg\" alt=\"ae9237d6-f756-4f48-a7ee-6da6250da352\" width=\"300\" height=\"169\" srcset=\"http:\/\/www.falerblocos.com.br\/v1\/wp-content\/uploads\/2016\/05\/ae9237d6-f756-4f48-a7ee-6da6250da352-300x169.jpg 300w, http:\/\/www.falerblocos.com.br\/v1\/wp-content\/uploads\/2016\/05\/ae9237d6-f756-4f48-a7ee-6da6250da352-400x225.jpg 400w, http:\/\/www.falerblocos.com.br\/v1\/wp-content\/uploads\/2016\/05\/ae9237d6-f756-4f48-a7ee-6da6250da352-500x281.jpg 500w, http:\/\/www.falerblocos.com.br\/v1\/wp-content\/uploads\/2016\/05\/ae9237d6-f756-4f48-a7ee-6da6250da352.jpg 1280w\" sizes=\"auto, (max-width: 300px) 100vw, 300px\" \/><\/p>\n<p>&nbsp;<\/p>\n<p>&nbsp;<\/p>\n","protected":false},"excerpt":{"rendered":"<p>Especifica\u00e7\u00f5es : Fotos \u00a0Bloco de 12 com Encaixe Larg Alt Comp Qt por M\u00b2 \u00a0 &nbsp; &nbsp; Bloco de 12 com encaixe (4,0 Mpa) 12 19 39 12,5 Fotos Meio- Bloco de 12 com Encaixe Larg Alt Comp Qt por M\u00b2 \u00a0 &nbsp; &nbsp; Meio-Bloco de 12 com encaixe 12 19 19 Fotos \u00a0Bloco Canaleta [&hellip;]<\/p>\n","protected":false},"featured_media":761,"comment_status":"open","ping_status":"closed","template":"","meta":[],"product_brand":[],"product_cat":[9,7],"product_tag":[],"class_list":{"0":"post-616","1":"product","2":"type-product","3":"status-publish","4":"has-post-thumbnail","6":"product_cat-produtos","7":"product_cat-blocos","9":"first","10":"instock","11":"shipping-taxable","12":"product-type-simple"},"_links":{"self":[{"href":"http:\/\/www.falerblocos.com.br\/v1\/wp-json\/wp\/v2\/product\/616","targetHints":{"allow":["GET"]}}],"collection":[{"href":"http:\/\/www.falerblocos.com.br\/v1\/wp-json\/wp\/v2\/product"}],"about":[{"href":"http:\/\/www.falerblocos.com.br\/v1\/wp-json\/wp\/v2\/types\/product"}],"replies":[{"embeddable":true,"href":"http:\/\/www.falerblocos.com.br\/v1\/wp-json\/wp\/v2\/comments?post=616"}],"wp:featuredmedia":[{"embeddable":true,"href":"http:\/\/www.falerblocos.com.br\/v1\/wp-json\/wp\/v2\/media\/761"}],"wp:attachment":[{"href":"http:\/\/www.falerblocos.com.br\/v1\/wp-json\/wp\/v2\/media?parent=616"}],"wp:term":[{"taxonomy":"product_brand","embeddable":true,"href":"http:\/\/www.falerblocos.com.br\/v1\/wp-json\/wp\/v2\/product_brand?post=616"},{"taxonomy":"product_cat","embeddable":true,"href":"http:\/\/www.falerblocos.com.br\/v1\/wp-json\/wp\/v2\/product_cat?post=616"},{"taxonomy":"product_tag","embeddable":true,"href":"http:\/\/www.falerblocos.com.br\/v1\/wp-json\/wp\/v2\/product_tag?post=616"}],"curies":[{"name":"wp","href":"https:\/\/api.w.org\/{rel}","templated":true}]}}