{"id":430,"date":"2016-05-09T23:20:23","date_gmt":"2016-05-10T02:20:23","guid":{"rendered":"http:\/\/www.falerblocos.com.br\/?post_type=product&#038;p=430"},"modified":"2016-05-12T21:42:08","modified_gmt":"2016-05-13T00:42:08","slug":"placa-e-meia-placa","status":"publish","type":"product","link":"http:\/\/www.falerblocos.com.br\/v1\/produto\/placa-e-meia-placa\/","title":{"rendered":"Lajota 45x45x5"},"content":{"rendered":"<h4 style=\"text-align: center;\">Especifica\u00e7\u00f5es T\u00e9cnicas:<\/h4>\n<table class=\" aligncenter\" border=\"0\" cellspacing=\"0\" cellpadding=\"0\">\n<tbody>\n<tr>\n<td width=\"100\" height=\"20\"><strong><strong>Pavimenta\u00e7\u00e3o<\/strong>\u00a0<\/strong><\/td>\n<td width=\"40\"><strong>Larg<\/strong><\/td>\n<td width=\"40\"><strong>Comp<\/strong><\/td>\n<td width=\"40\"><strong>Esp<\/strong><\/td>\n<\/tr>\n<tr>\n<td height=\"20\">Lajota<\/td>\n<td>45<\/td>\n<td>45<\/td>\n<td>5<\/td>\n<\/tr>\n<tr>\n<td height=\"20\"><\/td>\n<td><\/td>\n<td><\/td>\n<td><\/td>\n<\/tr>\n<\/tbody>\n<\/table>\n<p style=\"text-align: center;\"><strong>Aplica\u00e7\u00f5es<\/strong><br \/>\nEstradas, acostamentos, ruas, cal\u00e7adas, pra\u00e7as, logradouros p\u00fablicos, estacionamentos em geral, p\u00e1tios e galp\u00f5es industriais, aeroportos, terminais rodovi\u00e1rios, aeroportos, p\u00e1tios de containers, estrada de ferro, transportadoras, empresas de \u00f4nibus e rodovi\u00e1rias.<\/p>\n","protected":false},"excerpt":{"rendered":"<p>Especifica\u00e7\u00f5es T\u00e9cnicas: Pavimenta\u00e7\u00e3o\u00a0 Larg Comp Esp Lajota 45 45 5 Aplica\u00e7\u00f5es Estradas, acostamentos, ruas, cal\u00e7adas, pra\u00e7as, logradouros p\u00fablicos, estacionamentos em geral, p\u00e1tios e galp\u00f5es industriais, aeroportos, terminais rodovi\u00e1rios, aeroportos, p\u00e1tios de containers, estrada de ferro, transportadoras, empresas de \u00f4nibus e rodovi\u00e1rias.<\/p>\n","protected":false},"featured_media":431,"comment_status":"open","ping_status":"closed","template":"","meta":[],"product_brand":[],"product_cat":[9,13],"product_tag":[],"class_list":{"0":"post-430","1":"product","2":"type-product","3":"status-publish","4":"has-post-thumbnail","6":"product_cat-produtos","7":"product_cat-pisos-intertravados","9":"first","10":"instock","11":"shipping-taxable","12":"product-type-simple"},"_links":{"self":[{"href":"http:\/\/www.falerblocos.com.br\/v1\/wp-json\/wp\/v2\/product\/430","targetHints":{"allow":["GET"]}}],"collection":[{"href":"http:\/\/www.falerblocos.com.br\/v1\/wp-json\/wp\/v2\/product"}],"about":[{"href":"http:\/\/www.falerblocos.com.br\/v1\/wp-json\/wp\/v2\/types\/product"}],"replies":[{"embeddable":true,"href":"http:\/\/www.falerblocos.com.br\/v1\/wp-json\/wp\/v2\/comments?post=430"}],"wp:featuredmedia":[{"embeddable":true,"href":"http:\/\/www.falerblocos.com.br\/v1\/wp-json\/wp\/v2\/media\/431"}],"wp:attachment":[{"href":"http:\/\/www.falerblocos.com.br\/v1\/wp-json\/wp\/v2\/media?parent=430"}],"wp:term":[{"taxonomy":"product_brand","embeddable":true,"href":"http:\/\/www.falerblocos.com.br\/v1\/wp-json\/wp\/v2\/product_brand?post=430"},{"taxonomy":"product_cat","embeddable":true,"href":"http:\/\/www.falerblocos.com.br\/v1\/wp-json\/wp\/v2\/product_cat?post=430"},{"taxonomy":"product_tag","embeddable":true,"href":"http:\/\/www.falerblocos.com.br\/v1\/wp-json\/wp\/v2\/product_tag?post=430"}],"curies":[{"name":"wp","href":"https:\/\/api.w.org\/{rel}","templated":true}]}}