{"id":421,"date":"2016-05-09T23:16:31","date_gmt":"2016-05-10T02:16:31","guid":{"rendered":"http:\/\/www.falerblocos.com.br\/?post_type=product&#038;p=421"},"modified":"2026-03-20T15:28:51","modified_gmt":"2026-03-20T18:28:51","slug":"paver-natural","status":"publish","type":"product","link":"http:\/\/www.falerblocos.com.br\/v1\/produto\/paver-natural\/","title":{"rendered":"Paver Natural"},"content":{"rendered":"<h4 style=\"text-align: center;\"><span style=\"color: #0000ff;\">Especifica\u00e7\u00f5es T\u00e9cnicas:<\/span><\/h4>\n<table class=\" aligncenter\" border=\"0\" width=\"385\" cellspacing=\"0\" cellpadding=\"0\" align=\"left\">\n<tbody>\n<tr>\n<td valign=\"bottom\" nowrap=\"nowrap\" width=\"249\"><b><strong>Pavimenta\u00e7\u00e3o<\/strong><\/b><\/td>\n<td valign=\"bottom\" nowrap=\"nowrap\" width=\"44\">\n<p align=\"center\"><b>Larg<\/b><\/p>\n<\/td>\n<td valign=\"bottom\" nowrap=\"nowrap\" width=\"45\">\n<p align=\"center\"><b>Comp<\/b><\/p>\n<\/td>\n<td valign=\"bottom\" nowrap=\"nowrap\" width=\"47\">\n<p align=\"center\"><b>Esp<\/b><\/p>\n<\/td>\n<\/tr>\n<tr>\n<td valign=\"bottom\" nowrap=\"nowrap\" width=\"249\">Paver Retangular 35,0 Mpa<\/td>\n<td valign=\"bottom\" nowrap=\"nowrap\" width=\"44\">\n<p align=\"center\">10<\/p>\n<\/td>\n<td valign=\"bottom\" nowrap=\"nowrap\" width=\"45\">\n<p align=\"center\">20<\/p>\n<\/td>\n<td valign=\"bottom\" nowrap=\"nowrap\" width=\"47\">\n<p align=\"center\"><b>6<\/b><\/p>\n<\/td>\n<\/tr>\n<tr>\n<td valign=\"bottom\" nowrap=\"nowrap\" width=\"249\">Paver Retangular 35,0 Mpa<\/td>\n<td valign=\"bottom\" nowrap=\"nowrap\" width=\"44\">\n<p align=\"center\">10<\/p>\n<\/td>\n<td valign=\"bottom\" nowrap=\"nowrap\" width=\"45\">\n<p align=\"center\">20<\/p>\n<\/td>\n<td valign=\"bottom\" nowrap=\"nowrap\" width=\"47\">\n<p align=\"center\"><b>8<\/b><\/p>\n<\/td>\n<\/tr>\n<\/tbody>\n<\/table>\n<h3 style=\"text-align: center;\"><span style=\"color: #ff0000;\"><strong>Aplica\u00e7\u00f5es<\/strong><\/span><br \/>\nEstradas, acostamentos, ruas, cal\u00e7adas, pra\u00e7as, logradouros p\u00fablicos, estacionamentos em geral, p\u00e1tios e galp\u00f5es industriais, aeroportos, terminais rodovi\u00e1rios, aeroportos, p\u00e1tios de containers, estrada de ferro, transportadoras, empresas de \u00f4nibus e rodovi\u00e1rias.<\/h3>\n<header id=\"rf-header\" class=\"rf-header\">\n<div class=\"rf-header-banner\">\n<ul class=\"trail-items\">\n<li class=\"trail-item trail-end\" style=\"text-align: center;\"><span style=\"color: #ff0000;\"><em><strong>10 vantagens de utilizar Piso Intertravado (Pavers)<\/strong><\/em><\/span><\/li>\n<\/ul>\n<\/div>\n<\/header>\n<div class=\"uk-block\">\n<div class=\"uk-container uk-container-center\">\n<div class=\"uk-grid\" data-uk-grid-margin=\"\">\n<div class=\"uk-width-small-1-1 uk-width-medium-2-3 rf-layout-blog-single\">\n<div class=\"rf-layout-blog-post\">\n<h4 class=\"rf-blog-post-content\" style=\"text-align: center;\"><strong><span style=\"color: #0000ff;\">1. Durabilidade<\/span><\/strong><\/h4>\n<p style=\"text-align: center;\">O <strong>Piso Intertravado<\/strong> \u00e9 muito mais dur\u00e1vel se comparado aos paralelep\u00edpedos e ao piso asf\u00e1ltico, por ser sustent\u00e1vel e apresentar fissuras entre as pe\u00e7as, permitindo que a \u00e1gua escoe e n\u00e3o danifique as estruturas.<\/p>\n<p style=\"text-align: center;\">Muito utilizado na pavimenta\u00e7\u00e3o de espa\u00e7os p\u00fablicos como ruas, avenidas, cal\u00e7adas e outras vias p\u00fablicas, o <strong>piso intertravado<\/strong>, que \u00e9 constru\u00eddo atrav\u00e9s dos <strong>pavers de concreto<\/strong>, pode durar cerca de 20 anos e, se houver necessidade de reutiliza\u00e7\u00e3o em outro espa\u00e7o, a remo\u00e7\u00e3o \u00e9 simples e n\u00e3o quebra com facilidade, o que \u00e9 muito rent\u00e1vel em casos de desconstru\u00e7\u00e3o.<\/p>\n<p style=\"text-align: center;\"><img decoding=\"async\" class=\"size-full wp-image-540 aligncenter\" src=\"http:\/\/www.hzen.ind.br\/site\/wp-content\/uploads\/2015\/12\/durabilidae-piso-intertravado-pavers-hzen.jpg\" alt=\"piso intertravado pavers durabilidade\" \/><\/p>\n<p style=\"text-align: center;\"><span style=\"color: #ff00ff;\">Imagem ilustrativa.<\/span><\/p>\n<h2 style=\"text-align: center;\">2. Diminui\u00e7\u00e3o da Temperatura<\/h2>\n<p style=\"text-align: center;\">Por possuir uma grande capacidade de refletir a luz ao inv\u00e9s de ret\u00ea-la, o <strong>piso intertravado<\/strong> \u00e9 uma \u00f3tima alternativa para reduzir a temperatura. Geralmente, os tons dos <strong>pavers de concreto<\/strong> s\u00e3o mais claros que os dos pisos asf\u00e1ltico e, por isso, tem diminu\u00edda reten\u00e7\u00e3o de luz.<\/p>\n<p style=\"text-align: center;\">Em espa\u00e7os muito abertos, com circula\u00e7\u00e3o constante de pessoas, como pra\u00e7as, cal\u00e7adas e outras vias p\u00fablicas, \u00e9 bastante importante a utiliza\u00e7\u00e3o do piso intertravado. Com isso, contribui-se at\u00e9 mesmo para o com\u00e9rcio e turismo local, que pode ser beneficiado pela perman\u00eancia no local, principalmente no per\u00edodo do ver\u00e3o.<\/p>\n<p style=\"text-align: center;\"><img decoding=\"async\" class=\"size-full wp-image-551 aligncenter\" src=\"http:\/\/www.hzen.ind.br\/site\/wp-content\/uploads\/2015\/12\/temperatura-pavers-de-concreto-hzen6.jpg\" alt=\"piso intertravado pavers temperatura\" \/><\/p>\n<p style=\"text-align: center;\"><span style=\"color: #ff00ff;\">Imagem ilustrativa.<\/span><\/p>\n<h2 style=\"text-align: center;\">3. Pouca ou nenhuma manuten\u00e7\u00e3o<\/h2>\n<p style=\"text-align: center;\">Levando em considera\u00e7\u00e3o a boa permeabilidade do <strong>piso intertravado<\/strong>, os riscos de surgimento de rachaduras e deforma\u00e7\u00f5es \u00e9 muito minimizado. Alguns espa\u00e7os p\u00fablicos continuam com o mesmo pavimento de 20 anos sem necessitar de reparos. Se o fluxo no espa\u00e7o for unicamente de pessoas, a espessura do pavimento pode ser menor.<\/p>\n<p style=\"text-align: center;\">Mas, se o fluxo incluir carros e caminh\u00f5es mais pesados, o <strong>paver de concreto<\/strong> deve ser mais espesso, permitindo que o piso seja ainda mais firme e resistente.<\/p>\n<p style=\"text-align: center;\"><img decoding=\"async\" class=\"size-full wp-image-541 aligncenter\" src=\"http:\/\/www.hzen.ind.br\/site\/wp-content\/uploads\/2015\/12\/manutencao-pavers-de-concreto-hzen.jpg\" alt=\"manutencao piso intertravado pavers \" \/><\/p>\n<h2 style=\"text-align: center;\"><span style=\"color: #ff00ff;\">Imagem ilustrativa.<\/span><\/h2>\n<h2 style=\"text-align: center;\">4. Ecol\u00f3gico e Rent\u00e1vel<\/h2>\n<p style=\"text-align: center;\">Utilizar o <strong>Piso Intertravado<\/strong> \u00e9 uma medida <a href=\"http:\/\/www.hzen.ind.br\/blog\/sustentabilidade-na-obra-mais-economia-menos-impacto\/\" target=\"_blank\">ecol\u00f3gica<\/a> e rent\u00e1vel, que permite a absor\u00e7\u00e3o da \u00e1gua e sua devolu\u00e7\u00e3o ao solo, impedindo as rachaduras e a deforma\u00e7\u00e3o do piso. Com isso, o meio ambiente \u00e9 beneficiado e os custos reduzidos.<\/p>\n<p style=\"text-align: center;\">A economia de recursos tamb\u00e9m \u00e9 favor\u00e1vel ao ecossistema, pois desta maneira, n\u00e3o h\u00e1 uso de insumos como o cimento, j\u00e1 que as pe\u00e7as pr\u00e9-moldadas s\u00e3o fixadas pelo intertravamento.<\/p>\n<p style=\"text-align: center;\"><img decoding=\"async\" class=\"size-full wp-image-543 aligncenter\" src=\"http:\/\/www.hzen.ind.br\/site\/wp-content\/uploads\/2015\/12\/piso-intertravado-pavers-ecologico-rentavel.jpg\" alt=\"ecologico piso intertravado pavers\" \/><\/p>\n<h2 style=\"text-align: center;\"><span style=\"color: #ff00ff;\">Imagem ilustrativa.<\/span><\/h2>\n<h2 style=\"text-align: center;\">5. Facilidade na instala\u00e7\u00e3o<\/h2>\n<p style=\"text-align: center;\"><strong><a href=\"http:\/\/www.hzen.ind.br\/blog\/artefatos-de-cimento-por-que-automatizar\/\">Por que automatizar a produ\u00e7\u00e3o de artefatos de cimento?<\/a><\/strong><\/p>\n<p style=\"text-align: center;\">O <strong>piso intertravado<\/strong> pode ser facilmente instalado no solo, sem necessidade de conhecimento especifico. Camadas de areia devem ser dispostas na \u00e1rea, para posteriormente serem calcadas pelas pe\u00e7as pr\u00e9-moldadas. O que faz a diferen\u00e7a, neste caso, n\u00e3o \u00e9 a fixa\u00e7\u00e3o atrav\u00e9s de insumos como o cimento, mas o intertravamento feito pelos <strong>pavers de concreto<\/strong>, que se emperram e formam um grande quebra cabe\u00e7a.<\/p>\n<p style=\"text-align: center;\">Se houver a necessidade de desconstruir o pavimento ou migrar as pe\u00e7as para outro espa\u00e7o, o piso pode ser facilmente desmontado, com baixo risco de quebra das pe\u00e7as. Ap\u00f3s a coloca\u00e7\u00e3o dos pavers, o tr\u00e1fego pode ser liberado de imediato, por n\u00e3o haver riscos de danos ao piso, e nem necessidade de secagem.<\/p>\n<p style=\"text-align: center;\"><img decoding=\"async\" class=\"size-full wp-image-544 aligncenter\" src=\"http:\/\/www.hzen.ind.br\/site\/wp-content\/uploads\/2015\/12\/facilidade-pavers-de-concreto-piso-intertravado-hzen.jpg\" alt=\"facilidade piso intertravado pavers\" \/><\/p>\n<h2 style=\"text-align: center;\"><span style=\"color: #ff00ff;\">Imagem ilustrativa.<\/span><\/h2>\n<h2 style=\"text-align: center;\">6. Visual e Personaliza\u00e7\u00e3o<\/h2>\n<p style=\"text-align: center;\">Esteticamente, o <strong>piso intertravado<\/strong> tamb\u00e9m \u00e9 mais vantajoso que o paralelep\u00edpedo e o piso asf\u00e1ltico. Os <strong>pavers de concreto <\/strong>est\u00e3o dispon\u00edveis em diversas cores, o que permite ainda a personaliza\u00e7\u00e3o do espa\u00e7o e a cria\u00e7\u00e3o de desenhos. \u00c9 bastante interessante a utiliza\u00e7\u00e3o do piso personalizado para fazer a sinaliza\u00e7\u00e3o da superf\u00edcie, que poder\u00e1 ser identificada com facilidade, tanto do ch\u00e3o, como do alto, por avi\u00f5es ou helic\u00f3pteros.<\/p>\n<p style=\"text-align: center;\">Em condom\u00ednios log\u00edsticos e p\u00e1tios de empresas, o ch\u00e3o pode ser delineado com a logo da empresa, design padr\u00e3o ou at\u00e9 mesmo, \u00a0com alguma mensagem personalizada.<\/p>\n<p style=\"text-align: center;\"><img decoding=\"async\" class=\"size-full wp-image-545 aligncenter\" src=\"http:\/\/www.hzen.ind.br\/site\/wp-content\/uploads\/2015\/12\/visual-piso-intertravado-pavers-hzen.jpg\" alt=\"piso intertravado pavers visual\" \/><\/p>\n<h2 style=\"text-align: center;\"><span style=\"color: #ff00ff;\">Imagem ilustrativa.<\/span><\/h2>\n<h2 style=\"text-align: center;\">7. Reduzido consumo de energia<\/h2>\n<p style=\"text-align: center;\">Os <strong>pisos intertravados<\/strong> possuem tons predominantemente claros, influenciando diretamente no consumo de energia de luz el\u00e9trica. As pe\u00e7as claras refletem a energia ao inv\u00e9s de ret\u00ea-la, absorvendo menos luz e exigindo menos ilumina\u00e7\u00e3o do que se o piso fosse de colora\u00e7\u00e3o escura.<\/p>\n<p style=\"text-align: center;\"><img decoding=\"async\" class=\"size-full wp-image-546 aligncenter\" src=\"http:\/\/www.hzen.ind.br\/site\/wp-content\/uploads\/2015\/12\/energia-piso-intertravado-pavers-hzen.jpg\" alt=\"economia energia piso intertervado pavers\" \/><\/p>\n<h2 style=\"text-align: center;\"><span style=\"color: #ff00ff;\">Imagem ilustrativa.<\/span><\/h2>\n<h2 style=\"text-align: center;\">8. Capacidade de Drenagem<\/h2>\n<p style=\"text-align: center;\">Atrav\u00e9s das fissuras entre as pe\u00e7as, a \u00e1gua \u00e9 absorvida pela terra com mais facilidade.<br \/>\nPara fazer uma drenagem ainda mais efetiva, existe um tipo de <strong>paver de concreto<\/strong> com porosidade espec\u00edfica, projetado especialmente para permitir mais absor\u00e7\u00e3o de \u00e1gua em \u00e1reas baixas ou com possibilidade de serem atingidas por \u00e1gua.<\/p>\n<p style=\"text-align: center;\">Al\u00e9m de ser uma medida ecologicamente respons\u00e1vel, instalar o <strong>piso intertravado<\/strong> previne enchentes e diminui os danos ao piso. Com o escoamento da \u00e1gua atrav\u00e9s das frestas, o solo absorve a \u00e1gua que poderia acumular.<\/p>\n<p style=\"text-align: center;\"><img decoding=\"async\" class=\"size-full wp-image-550 aligncenter\" src=\"http:\/\/www.hzen.ind.br\/site\/wp-content\/uploads\/2015\/12\/limpeza-e-manutencao-dos-pavimentos-intertravados-big.jpg\" alt=\"limpeza-e-manutencao-dos-pavimentos-intertravados-big\" \/><\/p>\n<h2 style=\"text-align: center;\"><span style=\"color: #ff00ff;\">Imagem ilustrativa.<\/span><\/h2>\n<h2 style=\"text-align: center;\">9. Tr\u00e1fego facilitado para deficientes f\u00edsicos e visuais<\/h2>\n<p style=\"text-align: center;\">O <strong>pavimento intertravado <\/strong>oferece uma superf\u00edcie antiderrapante, o que facilita o tr\u00e1fego de motocicletas, bicicletas e, principalmente, de deficientes f\u00edsicos. Quando chove, muitas vezes, os acidentes tornam-se iminentes, sendo um perigo ainda maior para os usu\u00e1rios de cadeiras de rodas e para os deficientes visuais, que carecem de superf\u00edcies personalizadas para sua locomo\u00e7\u00e3o.<\/p>\n<p style=\"text-align: center;\">Os <strong>pisos intertravados<\/strong> podem ser bastante \u00fateis em escolas, centros acad\u00eamicos, hospitais, pra\u00e7as, avenidas, entre outros lugares com grande circula\u00e7\u00e3o de pessoas. As rampas, meios essenciais de locomo\u00e7\u00e3o, principalmente para os deficientes f\u00edsicos e visuais, tamb\u00e9m podem ter texturas adaptadas atrav\u00e9s dos pavers, facilitando assim, a locomo\u00e7\u00e3o e o guiamento.<\/p>\n<p style=\"text-align: center;\"><img decoding=\"async\" class=\"size-full wp-image-547 aligncenter\" src=\"http:\/\/www.hzen.ind.br\/site\/wp-content\/uploads\/2015\/12\/piso-intertravado-pavers-acessibilidade-trafego.jpg\" alt=\"piso intertravado pavers acessibilidade\" \/><\/p>\n<h2 style=\"text-align: center;\"><span style=\"color: #ff00ff;\">Imagem ilustrativa.<\/span><\/h2>\n<h2 style=\"text-align: center;\">10. Custo Benef\u00edcio do piso intertravado<\/h2>\n<p style=\"text-align: center;\">Os benef\u00edcios em curto, m\u00e9dio e longo prazo de uso do <strong>piso intertravado<\/strong>, s\u00e3o v\u00e1rios e, compensam o investimento. Rent\u00e1vel tanto quanto dur\u00e1vel, o <strong>pavimento intertravado<\/strong> n\u00e3o s\u00f3 reduz custos, como minimiza os riscos de <a href=\"http:\/\/www.hzen.ind.br\/blog\/como-minimizar-o-retrabalho-no-canteiro-de-obras\/\" target=\"_blank\">retrabalho<\/a>. Podemos destacar ainda, mais vantagens do uso deste piso:<\/p>\n<ul style=\"text-align: center;\">\n<li>N\u00e3o utiliza\u00e7\u00e3o de insumos como o cimento no assentamento, \u00e9 uma a\u00e7\u00e3o <strong>ecologicamente correta<\/strong>, pr\u00e1tica e ainda <strong>reduz custos<\/strong>.<\/li>\n<li>Os <strong>pavers de concreto<\/strong> s\u00e3o <strong>facilmente remov\u00edveis<\/strong>. Se houver a necessidade de desconstru\u00e7\u00e3o do espa\u00e7o, as pe\u00e7as podem ser<\/li>\n<li>reaproveitadas e, por serem resistentes, provavelmente, \u00a0haver\u00e1 um <strong>baixo \u00edndice de danos<\/strong>.<\/li>\n<li>Pela disposi\u00e7\u00e3o e resist\u00eancia das pe\u00e7as, o <strong>piso intertravado n\u00e3o exige manuten\u00e7\u00e3o frequente. <\/strong>Pelas frestas entre as pe\u00e7as, o desgaste das pe\u00e7as \u00e9 bem menor, j\u00e1 que a \u00e1gua escoa mais facilmente, retorna ao solo, n\u00e3o causando deforma\u00e7\u00f5es e rachaduras. Em alguns locais, os pisos <strong>duram mais de 20 anos<\/strong>, sem necessitar de muitos reparos, nem reposi\u00e7\u00e3o de pavers.<\/li>\n<li>Ap\u00f3s a instala\u00e7\u00e3o do piso, o <strong>tr\u00e1fego \u00e9 liberado rapidamente<\/strong>. Por n\u00e3o contar com a fixa\u00e7\u00e3o por cimento, n\u00e3o h\u00e1 necessidade de secagem, nem de fixa\u00e7\u00e3o.<\/li>\n<\/ul>\n<p style=\"text-align: center;\"><img decoding=\"async\" class=\"size-full wp-image-554 aligncenter\" src=\"http:\/\/www.hzen.ind.br\/site\/wp-content\/uploads\/2015\/12\/piso-intertravado-pavers-custo-beneficio.jpg\" alt=\"piso intertravado pavers custo beneficio\" \/><\/p>\n<p style=\"text-align: center;\"><span style=\"color: #ff00ff;\">Imagem ilustrativa.<\/span><\/p>\n<p style=\"text-align: center;\">Construtoras e Prefeituras de todo o Brasil j\u00e1 est\u00e3o atentas \u00e0s m\u00faltiplas vantagens de se utilizar o <strong>piso intertravado<\/strong> para pavimentar. As obras p\u00fablicas e institucionais, principalmente, s\u00e3o as principais beneficiadas pelo investimento, que tem o melhor custo beneficio quando o assunto \u00e9 pavimenta\u00e7\u00e3o. Estar atento \u00e0s tend\u00eancias de mercado pode trazer \u00f3timos frutos no futuro e, desta maneira, evitar tamb\u00e9m poss\u00edveis problemas estruturais.<\/p>\n<p>&nbsp;<\/p>\n<\/div>\n<\/div>\n<\/div>\n<\/div>\n<\/div>\n","protected":false},"excerpt":{"rendered":"<p>Especifica\u00e7\u00f5es T\u00e9cnicas: Pavimenta\u00e7\u00e3o Larg Comp Esp Paver Retangular 35,0 Mpa 10 20 6 Paver Retangular 35,0 Mpa 10 20 8 Aplica\u00e7\u00f5es Estradas, acostamentos, ruas, cal\u00e7adas, pra\u00e7as, logradouros p\u00fablicos, estacionamentos em geral, p\u00e1tios e galp\u00f5es industriais, aeroportos, terminais rodovi\u00e1rios, aeroportos, p\u00e1tios de containers, estrada de ferro, transportadoras, empresas de \u00f4nibus e rodovi\u00e1rias. 10 vantagens de utilizar [&hellip;]<\/p>\n","protected":false},"featured_media":422,"comment_status":"open","ping_status":"closed","template":"","meta":[],"product_brand":[],"product_cat":[9,13],"product_tag":[],"class_list":{"0":"post-421","1":"product","2":"type-product","3":"status-publish","4":"has-post-thumbnail","6":"product_cat-produtos","7":"product_cat-pisos-intertravados","9":"first","10":"instock","11":"shipping-taxable","12":"product-type-simple"},"_links":{"self":[{"href":"http:\/\/www.falerblocos.com.br\/v1\/wp-json\/wp\/v2\/product\/421","targetHints":{"allow":["GET"]}}],"collection":[{"href":"http:\/\/www.falerblocos.com.br\/v1\/wp-json\/wp\/v2\/product"}],"about":[{"href":"http:\/\/www.falerblocos.com.br\/v1\/wp-json\/wp\/v2\/types\/product"}],"replies":[{"embeddable":true,"href":"http:\/\/www.falerblocos.com.br\/v1\/wp-json\/wp\/v2\/comments?post=421"}],"wp:featuredmedia":[{"embeddable":true,"href":"http:\/\/www.falerblocos.com.br\/v1\/wp-json\/wp\/v2\/media\/422"}],"wp:attachment":[{"href":"http:\/\/www.falerblocos.com.br\/v1\/wp-json\/wp\/v2\/media?parent=421"}],"wp:term":[{"taxonomy":"product_brand","embeddable":true,"href":"http:\/\/www.falerblocos.com.br\/v1\/wp-json\/wp\/v2\/product_brand?post=421"},{"taxonomy":"product_cat","embeddable":true,"href":"http:\/\/www.falerblocos.com.br\/v1\/wp-json\/wp\/v2\/product_cat?post=421"},{"taxonomy":"product_tag","embeddable":true,"href":"http:\/\/www.falerblocos.com.br\/v1\/wp-json\/wp\/v2\/product_tag?post=421"}],"curies":[{"name":"wp","href":"https:\/\/api.w.org\/{rel}","templated":true}]}}