{"id":385,"date":"2016-05-09T23:03:03","date_gmt":"2016-05-10T02:03:03","guid":{"rendered":"http:\/\/www.falerblocos.com.br\/?post_type=product&#038;p=385"},"modified":"2025-10-04T10:39:12","modified_gmt":"2025-10-04T13:39:12","slug":"grelha-080","status":"publish","type":"product","link":"http:\/\/www.falerblocos.com.br\/v1\/produto\/grelha-080\/","title":{"rendered":"Grelha 0,80"},"content":{"rendered":"<h4>Especifica\u00e7\u00f5es T\u00e9cnicas:<\/h4>\n<p>As grelhas de concreto servem para tampar pequenas valetas de \u00e1gua,serve tamb\u00e9m como ralos para a vaz\u00e3o da \u00e1gua em determinados locais. Usado muito em casas, com\u00e9rcios e empresas, uma simples pe\u00e7a de concreto tem uma serventia importante. Feita de concreto armado \u00e9 uma pe\u00e7a muito resistente de alta durabilidade e baixo custo de manuten\u00e7\u00e3o , seu custo beneficio tamb\u00e9m \u00e9 \u00f3timo.<\/p>\n","protected":false},"excerpt":{"rendered":"<p>Especifica\u00e7\u00f5es T\u00e9cnicas: As grelhas de concreto servem para tampar pequenas valetas de \u00e1gua,serve tamb\u00e9m como ralos para a vaz\u00e3o da \u00e1gua em determinados locais. Usado muito em casas, com\u00e9rcios e empresas, uma simples pe\u00e7a de concreto tem uma serventia importante. Feita de concreto armado \u00e9 uma pe\u00e7a muito resistente de alta durabilidade e baixo custo [&hellip;]<\/p>\n","protected":false},"featured_media":386,"comment_status":"open","ping_status":"closed","template":"","meta":[],"product_brand":[],"product_cat":[9,10],"product_tag":[],"class_list":{"0":"post-385","1":"product","2":"type-product","3":"status-publish","4":"has-post-thumbnail","6":"product_cat-produtos","7":"product_cat-grelhas","9":"first","10":"instock","11":"shipping-taxable","12":"product-type-simple"},"_links":{"self":[{"href":"http:\/\/www.falerblocos.com.br\/v1\/wp-json\/wp\/v2\/product\/385","targetHints":{"allow":["GET"]}}],"collection":[{"href":"http:\/\/www.falerblocos.com.br\/v1\/wp-json\/wp\/v2\/product"}],"about":[{"href":"http:\/\/www.falerblocos.com.br\/v1\/wp-json\/wp\/v2\/types\/product"}],"replies":[{"embeddable":true,"href":"http:\/\/www.falerblocos.com.br\/v1\/wp-json\/wp\/v2\/comments?post=385"}],"wp:featuredmedia":[{"embeddable":true,"href":"http:\/\/www.falerblocos.com.br\/v1\/wp-json\/wp\/v2\/media\/386"}],"wp:attachment":[{"href":"http:\/\/www.falerblocos.com.br\/v1\/wp-json\/wp\/v2\/media?parent=385"}],"wp:term":[{"taxonomy":"product_brand","embeddable":true,"href":"http:\/\/www.falerblocos.com.br\/v1\/wp-json\/wp\/v2\/product_brand?post=385"},{"taxonomy":"product_cat","embeddable":true,"href":"http:\/\/www.falerblocos.com.br\/v1\/wp-json\/wp\/v2\/product_cat?post=385"},{"taxonomy":"product_tag","embeddable":true,"href":"http:\/\/www.falerblocos.com.br\/v1\/wp-json\/wp\/v2\/product_tag?post=385"}],"curies":[{"name":"wp","href":"https:\/\/api.w.org\/{rel}","templated":true}]}}