{"id":383,"date":"2016-05-09T23:02:14","date_gmt":"2016-05-10T02:02:14","guid":{"rendered":"http:\/\/www.falerblocos.com.br\/?post_type=product&#038;p=383"},"modified":"2025-10-04T10:39:12","modified_gmt":"2025-10-04T13:39:12","slug":"suporte-com-grelha","status":"publish","type":"product","link":"http:\/\/www.falerblocos.com.br\/v1\/produto\/suporte-com-grelha\/","title":{"rendered":"Suporte com Grelha"},"content":{"rendered":"<h4>Especifica\u00e7\u00f5es T\u00e9cnicas:<\/h4>\n<p>O colarinho serve como base para a grelha ser assentada .<\/p>\n","protected":false},"excerpt":{"rendered":"<p>Especifica\u00e7\u00f5es T\u00e9cnicas: O colarinho serve como base para a grelha ser assentada .<\/p>\n","protected":false},"featured_media":384,"comment_status":"open","ping_status":"closed","template":"","meta":[],"product_brand":[],"product_cat":[9,10],"product_tag":[],"class_list":{"0":"post-383","1":"product","2":"type-product","3":"status-publish","4":"has-post-thumbnail","6":"product_cat-produtos","7":"product_cat-grelhas","9":"first","10":"instock","11":"shipping-taxable","12":"product-type-simple"},"_links":{"self":[{"href":"http:\/\/www.falerblocos.com.br\/v1\/wp-json\/wp\/v2\/product\/383","targetHints":{"allow":["GET"]}}],"collection":[{"href":"http:\/\/www.falerblocos.com.br\/v1\/wp-json\/wp\/v2\/product"}],"about":[{"href":"http:\/\/www.falerblocos.com.br\/v1\/wp-json\/wp\/v2\/types\/product"}],"replies":[{"embeddable":true,"href":"http:\/\/www.falerblocos.com.br\/v1\/wp-json\/wp\/v2\/comments?post=383"}],"wp:featuredmedia":[{"embeddable":true,"href":"http:\/\/www.falerblocos.com.br\/v1\/wp-json\/wp\/v2\/media\/384"}],"wp:attachment":[{"href":"http:\/\/www.falerblocos.com.br\/v1\/wp-json\/wp\/v2\/media?parent=383"}],"wp:term":[{"taxonomy":"product_brand","embeddable":true,"href":"http:\/\/www.falerblocos.com.br\/v1\/wp-json\/wp\/v2\/product_brand?post=383"},{"taxonomy":"product_cat","embeddable":true,"href":"http:\/\/www.falerblocos.com.br\/v1\/wp-json\/wp\/v2\/product_cat?post=383"},{"taxonomy":"product_tag","embeddable":true,"href":"http:\/\/www.falerblocos.com.br\/v1\/wp-json\/wp\/v2\/product_tag?post=383"}],"curies":[{"name":"wp","href":"https:\/\/api.w.org\/{rel}","templated":true}]}}