{"id":32,"date":"2016-04-27T01:17:13","date_gmt":"2016-04-27T04:17:13","guid":{"rendered":"http:\/\/cwbpartners.net.br\/loja\/?page_id=32"},"modified":"2022-06-27T10:11:42","modified_gmt":"2022-06-27T13:11:42","slug":"contato","status":"publish","type":"page","link":"http:\/\/www.falerblocos.com.br\/v1\/contato\/","title":{"rendered":"Fale conosco"},"content":{"rendered":"<table border=\"0\">\n<tbody>\n<tr>\n<td>\n<p style=\"font-size: 18px;\">Entre em contato com a Faler Blocos<\/p>\n<form action=\"..\/mail.php\" method=\"POST\">\n<p style=\"font-size: 15px;\">Nome:<\/p>\n<p><input id=\"nome\" name=\"nome\" size=\"45\" type=\"text\" \/><\/p>\n<p style=\"font-size: 15px;\">Telefone<\/p>\n<p><input id=\"telcontato\" name=\"telcontato\" size=\"20\" type=\"text\" \/><\/p>\n<p style=\"font-size: 15px;\">Email:<\/p>\n<p><input id=\"email_remetente\" name=\"email_remetente\" size=\"45\" type=\"text\" \/><\/p>\n<p style=\"font-size: 15px;\">Assunto:<\/p>\n<p><input id=\"assunto\" name=\"assunto\" size=\"45\" type=\"text\" \/><\/p>\n<p style=\"font-size: 15px;\">Mensagem:<\/p>\n<p><textarea id=\"mensagem\" cols=\"60\" name=\"mensagem\" rows=\"10\" wrap=\"virtual\"><\/textarea><br \/>\n<input type=\"submit\" value=\"Enviar\" \/> <input type=\"reset\" value=\"Limpar Formul\u00e1rio\" \/><\/p>\n<\/form>\n<\/td>\n<td>\n<p style=\"font-size: 18px;\">Telefone:<strong>(41) 3589 0153 (41) 99209-9880<\/p>\n<p><\/strong><\/p>\n<p style=\"font-size: 17px;\">email:<strong>falerblocos@hotmail.com<\/strong><\/p>\n<p>Hor\u00e1rio de funcionamento:<\/p>\n<p>Seg \u00e0 sex: das 8h15 \u00e0s 11:40 e das 13 \u00e0s 17:30<\/p>\n<p>E s\u00e1bado: das 8h30 \u00e0s 11:40<\/p>\n<p style=\"font-size: 17px;\">Rua Ant\u00f4nio Alceu Zielonka, 2441 &#8211; Planta Deodoro &#8211; Piraquara &#8211; PR<\/p>\n<p><iframe loading=\"lazy\" style=\"border: 0;\" src=\"https:\/\/www.google.com\/maps\/embed?pb=!1m14!1m8!1m3!1d3603.5534017053114!2d-49.0566588!3d-25.4197557!3m2!1i1024!2i768!4f13.1!3m3!1m2!1s0x0000000000000000%3A0xa2fcff6bc0ef19e9!2sFALER-BLOCOS+DE+CONCRETO+COM+ENCAIXE+E+PAVIMENTA%C3%87%C3%83O!5e0!3m2!1spt-BR!2sbr!4v1462387947712\" width=\"425\" height=\"290\" frameborder=\"0\" allowfullscreen=\"allowfullscreen\"><\/iframe><\/td>\n<\/tr>\n<\/tbody>\n<\/table>\n","protected":false},"excerpt":{"rendered":"<p>Entre em contato com a Faler Blocos Nome: Telefone Email: Assunto: Mensagem: Telefone:(41) 3589 0153 (41) 99209-9880 email:falerblocos@hotmail.com Hor\u00e1rio de funcionamento: Seg \u00e0 sex: das 8h15 \u00e0s 11:40 e das 13 \u00e0s 17:30 E s\u00e1bado: das 8h30 \u00e0s 11:40 Rua Ant\u00f4nio Alceu Zielonka, 2441 &#8211; Planta Deodoro &#8211; Piraquara &#8211; PR<\/p>\n","protected":false},"author":1,"featured_media":0,"parent":0,"menu_order":0,"comment_status":"closed","ping_status":"closed","template":"","meta":{"footnotes":""},"class_list":["post-32","page","type-page","status-publish","hentry"],"_links":{"self":[{"href":"http:\/\/www.falerblocos.com.br\/v1\/wp-json\/wp\/v2\/pages\/32","targetHints":{"allow":["GET"]}}],"collection":[{"href":"http:\/\/www.falerblocos.com.br\/v1\/wp-json\/wp\/v2\/pages"}],"about":[{"href":"http:\/\/www.falerblocos.com.br\/v1\/wp-json\/wp\/v2\/types\/page"}],"author":[{"embeddable":true,"href":"http:\/\/www.falerblocos.com.br\/v1\/wp-json\/wp\/v2\/users\/1"}],"replies":[{"embeddable":true,"href":"http:\/\/www.falerblocos.com.br\/v1\/wp-json\/wp\/v2\/comments?post=32"}],"version-history":[{"count":48,"href":"http:\/\/www.falerblocos.com.br\/v1\/wp-json\/wp\/v2\/pages\/32\/revisions"}],"predecessor-version":[{"id":1152,"href":"http:\/\/www.falerblocos.com.br\/v1\/wp-json\/wp\/v2\/pages\/32\/revisions\/1152"}],"wp:attachment":[{"href":"http:\/\/www.falerblocos.com.br\/v1\/wp-json\/wp\/v2\/media?parent=32"}],"curies":[{"name":"wp","href":"https:\/\/api.w.org\/{rel}","templated":true}]}}