{"id":27,"date":"2016-04-27T01:05:06","date_gmt":"2016-04-27T04:05:06","guid":{"rendered":"http:\/\/cwbpartners.net.br\/loja\/?page_id=27"},"modified":"2022-06-27T12:34:58","modified_gmt":"2022-06-27T15:34:58","slug":"sobre-a-faler-blocos","status":"publish","type":"page","link":"http:\/\/www.falerblocos.com.br\/v1\/sobre-a-faler-blocos\/","title":{"rendered":"Sobre a Faler Blocos"},"content":{"rendered":"<p><center><img loading=\"lazy\" decoding=\"async\" class=\"\" src=\"http:\/\/www.falerblocos.com.br\/v1\/wp-content\/uploads\/2016\/05\/LOGO-300x69.png\" alt=\"LOGO\" width=\"483\" height=\"111\" \/><\/p>\n<p style=\"text-align: left;\">A FALER BLOCOS &#8211; ARTEFATOS DE CONCRETO, esta h\u00e1 mais de 7 anos no mercado, contamos com mais de 10 anos de experi\u00eancia na fabrica\u00e7\u00e3o de artefatos de concreto, buscando sempre estar em constante crescimento, inova\u00e7\u00e3o e evolu\u00e7\u00e3o na \u00e1rea de fabrica\u00e7\u00e3o de blocos de concreto e pavers.<br \/>\nContamos com modernos equipamentos, que nos conferem uma das maiores capacidades de produ\u00e7\u00e3o de blocos de concreto de Curitiba e regi\u00e3o.<\/p>\n<p style=\"text-align: left;\">Nossos produtos ultrapassam as exig\u00eancias normativas da ABNT de qualidade, durabilidade e resist\u00eancia, assim garantindo um \u00f3timo acabamento e seguran\u00e7a que sua obra necessita.<\/p>\n<p style=\"text-align: left;\">Disponibilizamos de frota pr\u00f3pria de caminh\u00f5es munck, assim melhorando e agilizando a entrega em sua obra, atendendo em Curitiba e regi\u00f5es metropolitanos entre outras regi\u00f5es.<\/p>\n<p><em><b>Construa seu sonha com a gente com excel\u00eancia, qualidade, satisfa\u00e7\u00e3o e respeito acima de tudo!<\/b><\/em><\/p>\n<p style=\"text-align: center;\">Para contato com nossa empresa, pedimos que utilize um dos nossos canais atrav\u00e9s da seguinte p\u00e1gina de <a href=\"http:\/\/www.falerblocos.com.br\/v1\/?page_id=32\"><strong>CONTATO<\/strong><\/a><\/p>\n<hr \/>\n<p><\/center><\/p>\n","protected":false},"excerpt":{"rendered":"<p>A FALER BLOCOS &#8211; ARTEFATOS DE CONCRETO, esta h\u00e1 mais de 7 anos no mercado, contamos com mais de 10 anos de experi\u00eancia na fabrica\u00e7\u00e3o de artefatos de concreto, buscando sempre estar em constante crescimento, inova\u00e7\u00e3o e evolu\u00e7\u00e3o na \u00e1rea de fabrica\u00e7\u00e3o de blocos de concreto e pavers. Contamos com modernos equipamentos, que nos conferem [&hellip;]<\/p>\n","protected":false},"author":1,"featured_media":0,"parent":0,"menu_order":0,"comment_status":"closed","ping_status":"closed","template":"","meta":{"footnotes":""},"class_list":["post-27","page","type-page","status-publish","hentry"],"_links":{"self":[{"href":"http:\/\/www.falerblocos.com.br\/v1\/wp-json\/wp\/v2\/pages\/27","targetHints":{"allow":["GET"]}}],"collection":[{"href":"http:\/\/www.falerblocos.com.br\/v1\/wp-json\/wp\/v2\/pages"}],"about":[{"href":"http:\/\/www.falerblocos.com.br\/v1\/wp-json\/wp\/v2\/types\/page"}],"author":[{"embeddable":true,"href":"http:\/\/www.falerblocos.com.br\/v1\/wp-json\/wp\/v2\/users\/1"}],"replies":[{"embeddable":true,"href":"http:\/\/www.falerblocos.com.br\/v1\/wp-json\/wp\/v2\/comments?post=27"}],"version-history":[{"count":40,"href":"http:\/\/www.falerblocos.com.br\/v1\/wp-json\/wp\/v2\/pages\/27\/revisions"}],"predecessor-version":[{"id":1165,"href":"http:\/\/www.falerblocos.com.br\/v1\/wp-json\/wp\/v2\/pages\/27\/revisions\/1165"}],"wp:attachment":[{"href":"http:\/\/www.falerblocos.com.br\/v1\/wp-json\/wp\/v2\/media?parent=27"}],"curies":[{"name":"wp","href":"https:\/\/api.w.org\/{rel}","templated":true}]}}