{"id":1058,"date":"2019-01-16T08:45:30","date_gmt":"2019-01-16T10:45:30","guid":{"rendered":"http:\/\/www.falerblocos.com.br\/v1\/?page_id=1058"},"modified":"2022-06-27T10:51:31","modified_gmt":"2022-06-27T13:51:31","slug":"formas-de-pagamento","status":"publish","type":"page","link":"http:\/\/www.falerblocos.com.br\/v1\/formas-de-pagamento\/","title":{"rendered":"Formas de pagamento"},"content":{"rendered":"\n<h4 style=\"text-align:center\">Aceitamos os seguintes cart\u00f5es:<\/h4>\n\n\n\n<figure class=\"wp-block-image\"><img loading=\"lazy\" decoding=\"async\" width=\"2578\" height=\"398\" src=\"http:\/\/www.falerblocos.com.br\/v1\/wp-content\/uploads\/2019\/01\/bandeiras_cartoes-2.png\" alt=\"\" class=\"wp-image-1102\" srcset=\"http:\/\/www.falerblocos.com.br\/v1\/wp-content\/uploads\/2019\/01\/bandeiras_cartoes-2.png 2578w, http:\/\/www.falerblocos.com.br\/v1\/wp-content\/uploads\/2019\/01\/bandeiras_cartoes-2-400x62.png 400w, http:\/\/www.falerblocos.com.br\/v1\/wp-content\/uploads\/2019\/01\/bandeiras_cartoes-2-500x77.png 500w, http:\/\/www.falerblocos.com.br\/v1\/wp-content\/uploads\/2019\/01\/bandeiras_cartoes-2-300x46.png 300w\" sizes=\"auto, (max-width: 2578px) 100vw, 2578px\" \/><\/figure>\n\n\n\n<h4 style=\"text-align:center\">Para transfer\u00eancias e dep\u00f3sitos:<\/h4>\n\n\n<div class=\"wp-block-image\">\n<figure class=\"aligncenter is-resized\"><img loading=\"lazy\" decoding=\"async\" src=\"http:\/\/www.falerblocos.com.br\/v1\/wp-content\/uploads\/2019\/01\/itau-logo-1-1500x1500.png\" alt=\"\" class=\"wp-image-1108\" width=\"93\" height=\"93\" srcset=\"http:\/\/www.falerblocos.com.br\/v1\/wp-content\/uploads\/2019\/01\/itau-logo-1-1500x1500.png 1500w, http:\/\/www.falerblocos.com.br\/v1\/wp-content\/uploads\/2019\/01\/itau-logo-1-400x400.png 400w, http:\/\/www.falerblocos.com.br\/v1\/wp-content\/uploads\/2019\/01\/itau-logo-1-100x100.png 100w, http:\/\/www.falerblocos.com.br\/v1\/wp-content\/uploads\/2019\/01\/itau-logo-1-500x500.png 500w, http:\/\/www.falerblocos.com.br\/v1\/wp-content\/uploads\/2019\/01\/itau-logo-1-300x300.png 300w, http:\/\/www.falerblocos.com.br\/v1\/wp-content\/uploads\/2019\/01\/itau-logo-1-150x150.png 150w, http:\/\/www.falerblocos.com.br\/v1\/wp-content\/uploads\/2019\/01\/itau-logo-1-200x200.png 200w, http:\/\/www.falerblocos.com.br\/v1\/wp-content\/uploads\/2019\/01\/itau-logo-1-88x88.png 88w\" sizes=\"auto, (max-width: 93px) 100vw, 93px\" \/><\/figure><\/div>\n\n\n<h4 style=\"text-align:center\">Via PIX<\/h4>\n\n\n<div class=\"wp-block-image\">\n<figure class=\"aligncenter size-full is-resized\"><img loading=\"lazy\" decoding=\"async\" src=\"http:\/\/www.falerblocos.com.br\/v1\/wp-content\/uploads\/2022\/06\/pix.png\" alt=\"\" class=\"wp-image-1132\" width=\"172\" height=\"61\" srcset=\"http:\/\/www.falerblocos.com.br\/v1\/wp-content\/uploads\/2022\/06\/pix.png 954w, http:\/\/www.falerblocos.com.br\/v1\/wp-content\/uploads\/2022\/06\/pix-400x142.png 400w, http:\/\/www.falerblocos.com.br\/v1\/wp-content\/uploads\/2022\/06\/pix-500x178.png 500w, http:\/\/www.falerblocos.com.br\/v1\/wp-content\/uploads\/2022\/06\/pix-300x107.png 300w\" sizes=\"auto, (max-width: 172px) 100vw, 172px\" \/><\/figure><\/div>","protected":false},"excerpt":{"rendered":"<p>Aceitamos os seguintes cart\u00f5es: Para transfer\u00eancias e dep\u00f3sitos: Via PIX<\/p>\n","protected":false},"author":1,"featured_media":0,"parent":0,"menu_order":0,"comment_status":"closed","ping_status":"closed","template":"","meta":{"footnotes":""},"class_list":["post-1058","page","type-page","status-publish","hentry"],"_links":{"self":[{"href":"http:\/\/www.falerblocos.com.br\/v1\/wp-json\/wp\/v2\/pages\/1058","targetHints":{"allow":["GET"]}}],"collection":[{"href":"http:\/\/www.falerblocos.com.br\/v1\/wp-json\/wp\/v2\/pages"}],"about":[{"href":"http:\/\/www.falerblocos.com.br\/v1\/wp-json\/wp\/v2\/types\/page"}],"author":[{"embeddable":true,"href":"http:\/\/www.falerblocos.com.br\/v1\/wp-json\/wp\/v2\/users\/1"}],"replies":[{"embeddable":true,"href":"http:\/\/www.falerblocos.com.br\/v1\/wp-json\/wp\/v2\/comments?post=1058"}],"version-history":[{"count":16,"href":"http:\/\/www.falerblocos.com.br\/v1\/wp-json\/wp\/v2\/pages\/1058\/revisions"}],"predecessor-version":[{"id":1161,"href":"http:\/\/www.falerblocos.com.br\/v1\/wp-json\/wp\/v2\/pages\/1058\/revisions\/1161"}],"wp:attachment":[{"href":"http:\/\/www.falerblocos.com.br\/v1\/wp-json\/wp\/v2\/media?parent=1058"}],"curies":[{"name":"wp","href":"https:\/\/api.w.org\/{rel}","templated":true}]}}